{"id":37,"date":"2016-07-01T13:45:54","date_gmt":"2016-07-01T11:45:54","guid":{"rendered":"http:\/\/www.sakerhetsmaklarna.se\/?page_id=37"},"modified":"2016-08-02T10:09:42","modified_gmt":"2016-08-02T08:09:42","slug":"for-byggen","status":"publish","type":"page","link":"https:\/\/www.sakerhetsmaklarna.se\/?page_id=37","title":{"rendered":"F\u00f6r byggen"},"content":{"rendered":"<p>Efter mer \u00e4n 15-\u00e5rs erfarenhet av att larma byggarbetsplatser, s\u00e5 kan vi idag skr\u00e4ddarsy larml\u00f6sningar f\u00f6r alla typer av byggen. Bland annat\u00a0genom att anv\u00e4nda detektorer med bildverifiering vid larm, dessa finns b\u00e5de f\u00f6r inomhus- samt utomhusbruk. Vi samarbetar med ett flertal larmcentraler och bevakningsf\u00f6retag och kan \u00e4ven l\u00f6sa ett ev. behov av v\u00e4ktartj\u00e4nster under hela eller delar av byggtiden.<\/p>\n<p>Vi kan \u00e4ven ordna ett utrymmningslarm f\u00f6r bygget.<\/p>\n<h2>Typisk larml\u00f6sning p\u00e5 ett bygge<\/h2>\n<p><img decoding=\"async\" loading=\"lazy\" class=\"size-full wp-image-60 alignleft\" src=\"http:\/\/www.sakerhetsmaklarna.se\/wp-content\/uploads\/2016\/07\/byggdiagram.png\" alt=\"byggdiagram\" width=\"246\" height=\"191\" \/><\/p>\n<p><strong>Etapp 1.<\/strong> Byggbodar samt f\u00f6rr\u00e5dscontainrar larmas i samband med projektstart.<\/p>\n<p><strong>Etapp 2.<\/strong> Byggnation larmas. Larmutf\u00f6rande med antal detektorer samt typ av detektorer anpassas utifr\u00e5n lokala f\u00f6rh\u00e5llanden.<\/p>\n<p><strong>Etapp 3.<\/strong> Under byggnationens g\u00e5ng anpassas larmet l\u00f6pande f\u00f6r att ge ett optimalt skydd. Exempelvis driftlarm som frysskydd beroende av \u00e5rstid.<\/p>\n","protected":false},"excerpt":{"rendered":"<p>Efter mer \u00e4n 15-\u00e5rs erfarenhet av att larma byggarbetsplatser, s\u00e5 kan vi idag skr\u00e4ddarsy larml\u00f6sningar f\u00f6r alla typer av byggen. Bland annat\u00a0genom att anv\u00e4nda detektorer med bildverifiering vid larm, dessa<\/p>\n<p><a class=\"read-more\" href=\"https:\/\/www.sakerhetsmaklarna.se\/?page_id=37\">L\u00e4s vidare \u00bb<\/a><\/p>\n","protected":false},"author":1,"featured_media":138,"parent":8,"menu_order":2,"comment_status":"closed","ping_status":"closed","template":"","meta":[],"yoast_head":"<!-- This site is optimized with the Yoast SEO plugin v19.11 - https:\/\/yoast.com\/wordpress\/plugins\/seo\/ -->\n<title>F\u00f6r byggen - S\u00e4kerhetsm\u00e4klarna i Sverige AB<\/title>\n<meta name=\"robots\" content=\"index, follow, max-snippet:-1, max-image-preview:large, max-video-preview:-1\" \/>\n<link rel=\"canonical\" href=\"https:\/\/www.sakerhetsmaklarna.se\/?page_id=37\" \/>\n<meta property=\"og:locale\" content=\"sv_SE\" \/>\n<meta property=\"og:type\" content=\"article\" \/>\n<meta property=\"og:title\" content=\"F\u00f6r byggen - S\u00e4kerhetsm\u00e4klarna i Sverige AB\" \/>\n<meta property=\"og:description\" content=\"Efter mer \u00e4n 15-\u00e5rs erfarenhet av att larma byggarbetsplatser, s\u00e5 kan vi idag skr\u00e4ddarsy larml\u00f6sningar f\u00f6r alla typer av byggen. Bland annat\u00a0genom att anv\u00e4nda detektorer med bildverifiering vid larm, dessaL\u00e4s vidare \u00bb\" \/>\n<meta property=\"og:url\" content=\"https:\/\/www.sakerhetsmaklarna.se\/?page_id=37\" \/>\n<meta property=\"og:site_name\" content=\"S\u00e4kerhetsm\u00e4klarna i Sverige AB\" \/>\n<meta property=\"article:modified_time\" content=\"2016-08-02T08:09:42+00:00\" \/>\n<meta property=\"og:image\" content=\"https:\/\/www.sakerhetsmaklarna.se\/wp-content\/uploads\/2016\/07\/1.jpg\" \/>\n\t<meta property=\"og:image:width\" content=\"2835\" \/>\n\t<meta property=\"og:image:height\" content=\"1317\" \/>\n\t<meta property=\"og:image:type\" content=\"image\/jpeg\" \/>\n<meta name=\"twitter:card\" content=\"summary_large_image\" \/>\n<meta name=\"twitter:label1\" content=\"Ber\u00e4knad l\u00e4stid\" \/>\n\t<meta name=\"twitter:data1\" content=\"1 minut\" \/>\n<script type=\"application\/ld+json\" class=\"yoast-schema-graph\">{\"@context\":\"https:\/\/schema.org\",\"@graph\":[{\"@type\":\"WebPage\",\"@id\":\"https:\/\/www.sakerhetsmaklarna.se\/?page_id=37\",\"url\":\"https:\/\/www.sakerhetsmaklarna.se\/?page_id=37\",\"name\":\"F\u00f6r byggen - S\u00e4kerhetsm\u00e4klarna i Sverige AB\",\"isPartOf\":{\"@id\":\"https:\/\/www.sakerhetsmaklarna.se\/#website\"},\"datePublished\":\"2016-07-01T11:45:54+00:00\",\"dateModified\":\"2016-08-02T08:09:42+00:00\",\"breadcrumb\":{\"@id\":\"https:\/\/www.sakerhetsmaklarna.se\/?page_id=37#breadcrumb\"},\"inLanguage\":\"sv-SE\",\"potentialAction\":[{\"@type\":\"ReadAction\",\"target\":[\"https:\/\/www.sakerhetsmaklarna.se\/?page_id=37\"]}]},{\"@type\":\"BreadcrumbList\",\"@id\":\"https:\/\/www.sakerhetsmaklarna.se\/?page_id=37#breadcrumb\",\"itemListElement\":[{\"@type\":\"ListItem\",\"position\":1,\"name\":\"Hem\",\"item\":\"https:\/\/www.sakerhetsmaklarna.se\/\"},{\"@type\":\"ListItem\",\"position\":2,\"name\":\"Tj\u00e4nster\",\"item\":\"https:\/\/www.sakerhetsmaklarna.se\/?page_id=8\"},{\"@type\":\"ListItem\",\"position\":3,\"name\":\"F\u00f6r byggen\"}]},{\"@type\":\"WebSite\",\"@id\":\"https:\/\/www.sakerhetsmaklarna.se\/#website\",\"url\":\"https:\/\/www.sakerhetsmaklarna.se\/\",\"name\":\"S\u00e4kerhetsm\u00e4klarna i Sverige AB\",\"description\":\"Bygglarm Stockholm\",\"potentialAction\":[{\"@type\":\"SearchAction\",\"target\":{\"@type\":\"EntryPoint\",\"urlTemplate\":\"https:\/\/www.sakerhetsmaklarna.se\/?s={search_term_string}\"},\"query-input\":\"required name=search_term_string\"}],\"inLanguage\":\"sv-SE\"}]}<\/script>\n<!-- \/ Yoast SEO plugin. -->","yoast_head_json":{"title":"F\u00f6r byggen - S\u00e4kerhetsm\u00e4klarna i Sverige AB","robots":{"index":"index","follow":"follow","max-snippet":"max-snippet:-1","max-image-preview":"max-image-preview:large","max-video-preview":"max-video-preview:-1"},"canonical":"https:\/\/www.sakerhetsmaklarna.se\/?page_id=37","og_locale":"sv_SE","og_type":"article","og_title":"F\u00f6r byggen - S\u00e4kerhetsm\u00e4klarna i Sverige AB","og_description":"Efter mer \u00e4n 15-\u00e5rs erfarenhet av att larma byggarbetsplatser, s\u00e5 kan vi idag skr\u00e4ddarsy larml\u00f6sningar f\u00f6r alla typer av byggen. Bland annat\u00a0genom att anv\u00e4nda detektorer med bildverifiering vid larm, dessaL\u00e4s vidare \u00bb","og_url":"https:\/\/www.sakerhetsmaklarna.se\/?page_id=37","og_site_name":"S\u00e4kerhetsm\u00e4klarna i Sverige AB","article_modified_time":"2016-08-02T08:09:42+00:00","og_image":[{"width":2835,"height":1317,"url":"https:\/\/www.sakerhetsmaklarna.se\/wp-content\/uploads\/2016\/07\/1.jpg","type":"image\/jpeg"}],"twitter_card":"summary_large_image","twitter_misc":{"Ber\u00e4knad l\u00e4stid":"1 minut"},"schema":{"@context":"https:\/\/schema.org","@graph":[{"@type":"WebPage","@id":"https:\/\/www.sakerhetsmaklarna.se\/?page_id=37","url":"https:\/\/www.sakerhetsmaklarna.se\/?page_id=37","name":"F\u00f6r byggen - S\u00e4kerhetsm\u00e4klarna i Sverige AB","isPartOf":{"@id":"https:\/\/www.sakerhetsmaklarna.se\/#website"},"datePublished":"2016-07-01T11:45:54+00:00","dateModified":"2016-08-02T08:09:42+00:00","breadcrumb":{"@id":"https:\/\/www.sakerhetsmaklarna.se\/?page_id=37#breadcrumb"},"inLanguage":"sv-SE","potentialAction":[{"@type":"ReadAction","target":["https:\/\/www.sakerhetsmaklarna.se\/?page_id=37"]}]},{"@type":"BreadcrumbList","@id":"https:\/\/www.sakerhetsmaklarna.se\/?page_id=37#breadcrumb","itemListElement":[{"@type":"ListItem","position":1,"name":"Hem","item":"https:\/\/www.sakerhetsmaklarna.se\/"},{"@type":"ListItem","position":2,"name":"Tj\u00e4nster","item":"https:\/\/www.sakerhetsmaklarna.se\/?page_id=8"},{"@type":"ListItem","position":3,"name":"F\u00f6r byggen"}]},{"@type":"WebSite","@id":"https:\/\/www.sakerhetsmaklarna.se\/#website","url":"https:\/\/www.sakerhetsmaklarna.se\/","name":"S\u00e4kerhetsm\u00e4klarna i Sverige AB","description":"Bygglarm Stockholm","potentialAction":[{"@type":"SearchAction","target":{"@type":"EntryPoint","urlTemplate":"https:\/\/www.sakerhetsmaklarna.se\/?s={search_term_string}"},"query-input":"required name=search_term_string"}],"inLanguage":"sv-SE"}]}},"_links":{"self":[{"href":"https:\/\/www.sakerhetsmaklarna.se\/index.php?rest_route=\/wp\/v2\/pages\/37"}],"collection":[{"href":"https:\/\/www.sakerhetsmaklarna.se\/index.php?rest_route=\/wp\/v2\/pages"}],"about":[{"href":"https:\/\/www.sakerhetsmaklarna.se\/index.php?rest_route=\/wp\/v2\/types\/page"}],"author":[{"embeddable":true,"href":"https:\/\/www.sakerhetsmaklarna.se\/index.php?rest_route=\/wp\/v2\/users\/1"}],"replies":[{"embeddable":true,"href":"https:\/\/www.sakerhetsmaklarna.se\/index.php?rest_route=%2Fwp%2Fv2%2Fcomments&post=37"}],"version-history":[{"count":7,"href":"https:\/\/www.sakerhetsmaklarna.se\/index.php?rest_route=\/wp\/v2\/pages\/37\/revisions"}],"predecessor-version":[{"id":179,"href":"https:\/\/www.sakerhetsmaklarna.se\/index.php?rest_route=\/wp\/v2\/pages\/37\/revisions\/179"}],"up":[{"embeddable":true,"href":"https:\/\/www.sakerhetsmaklarna.se\/index.php?rest_route=\/wp\/v2\/pages\/8"}],"wp:featuredmedia":[{"embeddable":true,"href":"https:\/\/www.sakerhetsmaklarna.se\/index.php?rest_route=\/wp\/v2\/media\/138"}],"wp:attachment":[{"href":"https:\/\/www.sakerhetsmaklarna.se\/index.php?rest_route=%2Fwp%2Fv2%2Fmedia&parent=37"}],"curies":[{"name":"wp","href":"https:\/\/api.w.org\/{rel}","templated":true}]}}