{"id":256,"date":"2016-08-23T10:51:16","date_gmt":"2016-08-23T08:51:16","guid":{"rendered":"http:\/\/www.sakerhetsmaklarna.se\/?page_id=256"},"modified":"2016-08-23T10:51:16","modified_gmt":"2016-08-23T08:51:16","slug":"utrymningslarm-byggarbetsplats","status":"publish","type":"page","link":"https:\/\/www.sakerhetsmaklarna.se\/?page_id=256","title":{"rendered":"Utrymningslarm Byggarbetsplats"},"content":{"rendered":"<p><strong>V\u00e4lkommen till oss p\u00e5 S\u00e4kerhetsm\u00e4klarna n\u00e4r du beh\u00f6ver ett utrymningslarm f\u00f6r din byggarbetsplats. Vi \u00e4r ett f\u00f6retag med m\u00e5nga \u00e5rs erfarenhet av s\u00e4kerhetsbranschen m\u00e5nga av v\u00e5ra kunder har m\u00e5nga g\u00e5nger ett tillf\u00e4lligt behov av ett larm. <\/strong><\/p>\n<p><span style=\"font-weight: 400;\">Med oss kan ni allts\u00e5 hyra ett utrymningslarm till byggarbetsplatsen f\u00f6r s\u00e5 l\u00e5ng tid ni beh\u00f6ver. Alla v\u00e5ra larm \u00e4r flexibla och kan anpassas och f\u00f6r\u00e4ndras i takt med byggnationens g\u00e5ng. <\/span><\/p>\n<p><span style=\"font-weight: 400;\">F\u00f6rutom utrymningslarm erbjuder vi ocks\u00e5 kamerabevakning. N\u00e4r ni anlitar oss kan ni f\u00e5 en komplett s\u00e4kerhetsl\u00f6sning och vi sk\u00f6ter givetvis allting med installation och montering. <\/span><\/p>\n<p><span style=\"font-weight: 400;\">F\u00f6rdelen med att anlita oss \u00e4r att vi alltid arbetar snabbt och seri\u00f6st &#8211; f\u00f6r det mesta kan vi ha larmet i drift p\u00e5 er arbetsplats redan samma dag som best\u00e4llningen &#8211; enklare \u00e4n s\u00e5 blir det inte.<\/span><\/p>\n<h2><b>Anlita oss f\u00f6r ett utrymningslarm till er byggarbetsplats<\/b><\/h2>\n<p><span style=\"font-weight: 400;\">Tack vare v\u00e5ra m\u00e5nga \u00e5rs erfarenhet vet vi precis vilka behov som finns kring ett larmsystem p\u00e5 en byggarbetsplats. <\/span><\/p>\n<p><span style=\"font-weight: 400;\">Om du \u00e4r intresserad av ett utrymningslarm fr\u00e5n oss p\u00e5 S\u00e4kerhetsm\u00e4klarna \u00e4r du varmt v\u00e4lkommen att kontakta oss s\u00e5 ber\u00e4ttar vi g\u00e4rna mer och bokar in en tid f\u00f6r installation. <\/span><\/p>\n<p><span style=\"font-weight: 400;\">Du n\u00e5r oss enklast genom att ringa. V\u00e4lkommen!<\/span><\/p>\n","protected":false},"excerpt":{"rendered":"<p>V\u00e4lkommen till oss p\u00e5 S\u00e4kerhetsm\u00e4klarna n\u00e4r du beh\u00f6ver ett utrymningslarm f\u00f6r din byggarbetsplats. Vi \u00e4r ett f\u00f6retag med m\u00e5nga \u00e5rs erfarenhet av s\u00e4kerhetsbranschen m\u00e5nga av v\u00e5ra kunder har m\u00e5nga g\u00e5nger<\/p>\n<p><a class=\"read-more\" href=\"https:\/\/www.sakerhetsmaklarna.se\/?page_id=256\">L\u00e4s vidare \u00bb<\/a><\/p>\n","protected":false},"author":1,"featured_media":146,"parent":0,"menu_order":100,"comment_status":"closed","ping_status":"closed","template":"page-bmall.php","meta":[],"yoast_head":"<!-- This site is optimized with the Yoast SEO plugin v19.11 - https:\/\/yoast.com\/wordpress\/plugins\/seo\/ -->\n<title>Utrymningslarm Byggarbetsplats - S\u00e4kerhetsm\u00e4klarna i Sverige AB<\/title>\n<meta name=\"description\" content=\"Kontakta oss p\u00e5 S\u00e4kerhetsm\u00e4klarna n\u00e4r du beh\u00f6ver ett utrymningslarm till er byggarbetsplats. Vi arbetar alltid snabbt och seri\u00f6st - V\u00e4lkommen!\" \/>\n<meta name=\"robots\" content=\"index, follow, max-snippet:-1, max-image-preview:large, max-video-preview:-1\" \/>\n<link rel=\"canonical\" href=\"https:\/\/www.sakerhetsmaklarna.se\/?page_id=256\" \/>\n<meta property=\"og:locale\" content=\"sv_SE\" \/>\n<meta property=\"og:type\" content=\"article\" \/>\n<meta property=\"og:title\" content=\"Utrymningslarm Byggarbetsplats - S\u00e4kerhetsm\u00e4klarna i Sverige AB\" \/>\n<meta property=\"og:description\" content=\"Kontakta oss p\u00e5 S\u00e4kerhetsm\u00e4klarna n\u00e4r du beh\u00f6ver ett utrymningslarm till er byggarbetsplats. Vi arbetar alltid snabbt och seri\u00f6st - V\u00e4lkommen!\" \/>\n<meta property=\"og:url\" content=\"https:\/\/www.sakerhetsmaklarna.se\/?page_id=256\" \/>\n<meta property=\"og:site_name\" content=\"S\u00e4kerhetsm\u00e4klarna i Sverige AB\" \/>\n<meta property=\"og:image\" content=\"https:\/\/www.sakerhetsmaklarna.se\/wp-content\/uploads\/2016\/07\/4.jpg\" \/>\n\t<meta property=\"og:image:width\" content=\"2000\" \/>\n\t<meta property=\"og:image:height\" content=\"300\" \/>\n\t<meta property=\"og:image:type\" content=\"image\/jpeg\" \/>\n<meta name=\"twitter:card\" content=\"summary_large_image\" \/>\n<meta name=\"twitter:label1\" content=\"Ber\u00e4knad l\u00e4stid\" \/>\n\t<meta name=\"twitter:data1\" content=\"1 minut\" \/>\n<script type=\"application\/ld+json\" class=\"yoast-schema-graph\">{\"@context\":\"https:\/\/schema.org\",\"@graph\":[{\"@type\":\"WebPage\",\"@id\":\"https:\/\/www.sakerhetsmaklarna.se\/?page_id=256\",\"url\":\"https:\/\/www.sakerhetsmaklarna.se\/?page_id=256\",\"name\":\"Utrymningslarm Byggarbetsplats - S\u00e4kerhetsm\u00e4klarna i Sverige AB\",\"isPartOf\":{\"@id\":\"https:\/\/www.sakerhetsmaklarna.se\/#website\"},\"datePublished\":\"2016-08-23T08:51:16+00:00\",\"dateModified\":\"2016-08-23T08:51:16+00:00\",\"description\":\"Kontakta oss p\u00e5 S\u00e4kerhetsm\u00e4klarna n\u00e4r du beh\u00f6ver ett utrymningslarm till er byggarbetsplats. Vi arbetar alltid snabbt och seri\u00f6st - V\u00e4lkommen!\",\"breadcrumb\":{\"@id\":\"https:\/\/www.sakerhetsmaklarna.se\/?page_id=256#breadcrumb\"},\"inLanguage\":\"sv-SE\",\"potentialAction\":[{\"@type\":\"ReadAction\",\"target\":[\"https:\/\/www.sakerhetsmaklarna.se\/?page_id=256\"]}]},{\"@type\":\"BreadcrumbList\",\"@id\":\"https:\/\/www.sakerhetsmaklarna.se\/?page_id=256#breadcrumb\",\"itemListElement\":[{\"@type\":\"ListItem\",\"position\":1,\"name\":\"Hem\",\"item\":\"https:\/\/www.sakerhetsmaklarna.se\/\"},{\"@type\":\"ListItem\",\"position\":2,\"name\":\"Utrymningslarm Byggarbetsplats\"}]},{\"@type\":\"WebSite\",\"@id\":\"https:\/\/www.sakerhetsmaklarna.se\/#website\",\"url\":\"https:\/\/www.sakerhetsmaklarna.se\/\",\"name\":\"S\u00e4kerhetsm\u00e4klarna i Sverige AB\",\"description\":\"Bygglarm Stockholm\",\"potentialAction\":[{\"@type\":\"SearchAction\",\"target\":{\"@type\":\"EntryPoint\",\"urlTemplate\":\"https:\/\/www.sakerhetsmaklarna.se\/?s={search_term_string}\"},\"query-input\":\"required name=search_term_string\"}],\"inLanguage\":\"sv-SE\"}]}<\/script>\n<!-- \/ Yoast SEO plugin. -->","yoast_head_json":{"title":"Utrymningslarm Byggarbetsplats - S\u00e4kerhetsm\u00e4klarna i Sverige AB","description":"Kontakta oss p\u00e5 S\u00e4kerhetsm\u00e4klarna n\u00e4r du beh\u00f6ver ett utrymningslarm till er byggarbetsplats. Vi arbetar alltid snabbt och seri\u00f6st - V\u00e4lkommen!","robots":{"index":"index","follow":"follow","max-snippet":"max-snippet:-1","max-image-preview":"max-image-preview:large","max-video-preview":"max-video-preview:-1"},"canonical":"https:\/\/www.sakerhetsmaklarna.se\/?page_id=256","og_locale":"sv_SE","og_type":"article","og_title":"Utrymningslarm Byggarbetsplats - S\u00e4kerhetsm\u00e4klarna i Sverige AB","og_description":"Kontakta oss p\u00e5 S\u00e4kerhetsm\u00e4klarna n\u00e4r du beh\u00f6ver ett utrymningslarm till er byggarbetsplats. Vi arbetar alltid snabbt och seri\u00f6st - V\u00e4lkommen!","og_url":"https:\/\/www.sakerhetsmaklarna.se\/?page_id=256","og_site_name":"S\u00e4kerhetsm\u00e4klarna i Sverige AB","og_image":[{"width":2000,"height":300,"url":"https:\/\/www.sakerhetsmaklarna.se\/wp-content\/uploads\/2016\/07\/4.jpg","type":"image\/jpeg"}],"twitter_card":"summary_large_image","twitter_misc":{"Ber\u00e4knad l\u00e4stid":"1 minut"},"schema":{"@context":"https:\/\/schema.org","@graph":[{"@type":"WebPage","@id":"https:\/\/www.sakerhetsmaklarna.se\/?page_id=256","url":"https:\/\/www.sakerhetsmaklarna.se\/?page_id=256","name":"Utrymningslarm Byggarbetsplats - S\u00e4kerhetsm\u00e4klarna i Sverige AB","isPartOf":{"@id":"https:\/\/www.sakerhetsmaklarna.se\/#website"},"datePublished":"2016-08-23T08:51:16+00:00","dateModified":"2016-08-23T08:51:16+00:00","description":"Kontakta oss p\u00e5 S\u00e4kerhetsm\u00e4klarna n\u00e4r du beh\u00f6ver ett utrymningslarm till er byggarbetsplats. Vi arbetar alltid snabbt och seri\u00f6st - V\u00e4lkommen!","breadcrumb":{"@id":"https:\/\/www.sakerhetsmaklarna.se\/?page_id=256#breadcrumb"},"inLanguage":"sv-SE","potentialAction":[{"@type":"ReadAction","target":["https:\/\/www.sakerhetsmaklarna.se\/?page_id=256"]}]},{"@type":"BreadcrumbList","@id":"https:\/\/www.sakerhetsmaklarna.se\/?page_id=256#breadcrumb","itemListElement":[{"@type":"ListItem","position":1,"name":"Hem","item":"https:\/\/www.sakerhetsmaklarna.se\/"},{"@type":"ListItem","position":2,"name":"Utrymningslarm Byggarbetsplats"}]},{"@type":"WebSite","@id":"https:\/\/www.sakerhetsmaklarna.se\/#website","url":"https:\/\/www.sakerhetsmaklarna.se\/","name":"S\u00e4kerhetsm\u00e4klarna i Sverige AB","description":"Bygglarm Stockholm","potentialAction":[{"@type":"SearchAction","target":{"@type":"EntryPoint","urlTemplate":"https:\/\/www.sakerhetsmaklarna.se\/?s={search_term_string}"},"query-input":"required name=search_term_string"}],"inLanguage":"sv-SE"}]}},"_links":{"self":[{"href":"https:\/\/www.sakerhetsmaklarna.se\/index.php?rest_route=\/wp\/v2\/pages\/256"}],"collection":[{"href":"https:\/\/www.sakerhetsmaklarna.se\/index.php?rest_route=\/wp\/v2\/pages"}],"about":[{"href":"https:\/\/www.sakerhetsmaklarna.se\/index.php?rest_route=\/wp\/v2\/types\/page"}],"author":[{"embeddable":true,"href":"https:\/\/www.sakerhetsmaklarna.se\/index.php?rest_route=\/wp\/v2\/users\/1"}],"replies":[{"embeddable":true,"href":"https:\/\/www.sakerhetsmaklarna.se\/index.php?rest_route=%2Fwp%2Fv2%2Fcomments&post=256"}],"version-history":[{"count":1,"href":"https:\/\/www.sakerhetsmaklarna.se\/index.php?rest_route=\/wp\/v2\/pages\/256\/revisions"}],"predecessor-version":[{"id":257,"href":"https:\/\/www.sakerhetsmaklarna.se\/index.php?rest_route=\/wp\/v2\/pages\/256\/revisions\/257"}],"wp:featuredmedia":[{"embeddable":true,"href":"https:\/\/www.sakerhetsmaklarna.se\/index.php?rest_route=\/wp\/v2\/media\/146"}],"wp:attachment":[{"href":"https:\/\/www.sakerhetsmaklarna.se\/index.php?rest_route=%2Fwp%2Fv2%2Fmedia&parent=256"}],"curies":[{"name":"wp","href":"https:\/\/api.w.org\/{rel}","templated":true}]}}