{"id":244,"date":"2016-08-23T10:39:03","date_gmt":"2016-08-23T08:39:03","guid":{"rendered":"http:\/\/www.sakerhetsmaklarna.se\/?page_id=244"},"modified":"2016-08-23T10:41:01","modified_gmt":"2016-08-23T08:41:01","slug":"larmuthyrning-foretag","status":"publish","type":"page","link":"https:\/\/www.sakerhetsmaklarna.se\/?page_id=244","title":{"rendered":"Larmuthyrning F\u00f6retag"},"content":{"rendered":"<p><strong>S\u00e4kerhetsm\u00e4klarna arbetar med larmuthyrning till f\u00f6retag. Med m\u00e5nga \u00e5rs erfarenhet av s\u00e4kerhetsbranschen \u00e4r vi experter p\u00e5 gedigna larml\u00f6sningar till f\u00f6retag fr\u00e4mst inom bygg, industri och fastighet &#8211; branscher d\u00e4r behovet av ett larmsystem ofta finns tillf\u00e4lligtvis. <\/strong><\/p>\n<p>Vi arbetar alltid snabbt och kan f\u00f6r det mesta ha larmet i drift hos er redan samma dag som best\u00e4llningen. Detta tack vare att vi i huvudsak arbetar med tr\u00e5dl\u00f6sa system. Enklare \u00e4n s\u00e5 blir det inte!<\/p>\n<p><span style=\"font-weight: 400;\">P\u00e5 en byggarbetsplats finns det mycket som kan locka till st\u00f6ld och inbrott, varf\u00f6r det \u00e4r viktigt att ha ett bra larm installerat. N\u00e4r ni anlitar oss f\u00f6r larmuthyrning sk\u00f6ter vi allting \u00e5t er, med installation, montering och uppkoppling mot larmcentral. Sedan monterar vi ner larmet igen efter uthyrningsperiodens slut.<\/span><\/p>\n<p><img decoding=\"async\" loading=\"lazy\" class=\"alignnone size-full wp-image-211\" src=\"http:\/\/www.sakerhetsmaklarna.se\/wp-content\/uploads\/2016\/08\/Alarm-byggarbetsplats.jpg\" alt=\"Larmuthyrning F\u00f6retag\" width=\"820\" height=\"300\" srcset=\"https:\/\/www.sakerhetsmaklarna.se\/wp-content\/uploads\/2016\/08\/Alarm-byggarbetsplats.jpg 820w, https:\/\/www.sakerhetsmaklarna.se\/wp-content\/uploads\/2016\/08\/Alarm-byggarbetsplats-300x110.jpg 300w, https:\/\/www.sakerhetsmaklarna.se\/wp-content\/uploads\/2016\/08\/Alarm-byggarbetsplats-768x281.jpg 768w\" sizes=\"(max-width: 820px) 100vw, 820px\" \/><\/p>\n<h2>Anlita oss f\u00f6r larmuthyrning till ert f\u00f6retag<\/h2>\n<p><span style=\"font-weight: 400;\">Givetvis anpassar vi alltid alla v\u00e5ra larminstallationer utifr\u00e5n hur er arbetsplats \u00e4r utformad och de behov som finns. Ut\u00f6ver larmsystem kan vi \u00e4ven erbjuda kamera\u00f6vervakning, vilket i kombination med larm ger en mycket bra s\u00e4kerhetsl\u00f6sning.<\/span><\/p>\n<p><span style=\"font-weight: 400;\">Tveka inte att kontakta oss om du \u00e4r intresserad av larmuthyrning till ert f\u00f6retag med oss p\u00e5 S\u00e4kerhetsm\u00e4klarna. Ring oss, s\u00e5 ber\u00e4ttar vi mer och kan skicka en offert &#8211; v\u00e4lkommen!<\/span><\/p>\n","protected":false},"excerpt":{"rendered":"<p>S\u00e4kerhetsm\u00e4klarna arbetar med larmuthyrning till f\u00f6retag. Med m\u00e5nga \u00e5rs erfarenhet av s\u00e4kerhetsbranschen \u00e4r vi experter p\u00e5 gedigna larml\u00f6sningar till f\u00f6retag fr\u00e4mst inom bygg, industri och fastighet &#8211; branscher d\u00e4r behovet<\/p>\n<p><a class=\"read-more\" href=\"https:\/\/www.sakerhetsmaklarna.se\/?page_id=244\">L\u00e4s vidare \u00bb<\/a><\/p>\n","protected":false},"author":1,"featured_media":46,"parent":0,"menu_order":100,"comment_status":"closed","ping_status":"closed","template":"page-bmall.php","meta":[],"yoast_head":"<!-- This site is optimized with the Yoast SEO plugin v19.11 - https:\/\/yoast.com\/wordpress\/plugins\/seo\/ -->\n<title>Larmuthyrning F\u00f6retag - Kontakta oss p\u00e5 S\u00e4kerhetsm\u00e4klarna i Sverige AB<\/title>\n<meta name=\"description\" content=\"Vi arbetar med Larmuthyrning till f\u00f6retag, med oss kan du hyra larmet f\u00f6r s\u00e5 l\u00e5ng tid som du beh\u00f6ver. S\u00e4kerhetsm\u00e4klarna erbjuder helhetsl\u00f6sningar inom larm.\" \/>\n<meta name=\"robots\" content=\"index, follow, max-snippet:-1, max-image-preview:large, max-video-preview:-1\" \/>\n<link rel=\"canonical\" href=\"https:\/\/www.sakerhetsmaklarna.se\/?page_id=244\" \/>\n<meta property=\"og:locale\" content=\"sv_SE\" \/>\n<meta property=\"og:type\" content=\"article\" \/>\n<meta property=\"og:title\" content=\"Larmuthyrning F\u00f6retag - Kontakta oss p\u00e5 S\u00e4kerhetsm\u00e4klarna i Sverige AB\" \/>\n<meta property=\"og:description\" content=\"Vi arbetar med Larmuthyrning till f\u00f6retag, med oss kan du hyra larmet f\u00f6r s\u00e5 l\u00e5ng tid som du beh\u00f6ver. S\u00e4kerhetsm\u00e4klarna erbjuder helhetsl\u00f6sningar inom larm.\" \/>\n<meta property=\"og:url\" content=\"https:\/\/www.sakerhetsmaklarna.se\/?page_id=244\" \/>\n<meta property=\"og:site_name\" content=\"S\u00e4kerhetsm\u00e4klarna i Sverige AB\" \/>\n<meta property=\"article:modified_time\" content=\"2016-08-23T08:41:01+00:00\" \/>\n<meta property=\"og:image\" content=\"https:\/\/www.sakerhetsmaklarna.se\/wp-content\/uploads\/2016\/07\/15129209-close-up-of-businessman-using-door-security-system-on-wall-1024x684.jpg\" \/>\n\t<meta property=\"og:image:width\" content=\"1024\" \/>\n\t<meta property=\"og:image:height\" content=\"684\" \/>\n\t<meta property=\"og:image:type\" content=\"image\/jpeg\" \/>\n<meta name=\"twitter:card\" content=\"summary_large_image\" \/>\n<meta name=\"twitter:label1\" content=\"Ber\u00e4knad l\u00e4stid\" \/>\n\t<meta name=\"twitter:data1\" content=\"1 minut\" \/>\n<script type=\"application\/ld+json\" class=\"yoast-schema-graph\">{\"@context\":\"https:\/\/schema.org\",\"@graph\":[{\"@type\":\"WebPage\",\"@id\":\"https:\/\/www.sakerhetsmaklarna.se\/?page_id=244\",\"url\":\"https:\/\/www.sakerhetsmaklarna.se\/?page_id=244\",\"name\":\"Larmuthyrning F\u00f6retag - Kontakta oss p\u00e5 S\u00e4kerhetsm\u00e4klarna i Sverige AB\",\"isPartOf\":{\"@id\":\"https:\/\/www.sakerhetsmaklarna.se\/#website\"},\"datePublished\":\"2016-08-23T08:39:03+00:00\",\"dateModified\":\"2016-08-23T08:41:01+00:00\",\"description\":\"Vi arbetar med Larmuthyrning till f\u00f6retag, med oss kan du hyra larmet f\u00f6r s\u00e5 l\u00e5ng tid som du beh\u00f6ver. S\u00e4kerhetsm\u00e4klarna erbjuder helhetsl\u00f6sningar inom larm.\",\"breadcrumb\":{\"@id\":\"https:\/\/www.sakerhetsmaklarna.se\/?page_id=244#breadcrumb\"},\"inLanguage\":\"sv-SE\",\"potentialAction\":[{\"@type\":\"ReadAction\",\"target\":[\"https:\/\/www.sakerhetsmaklarna.se\/?page_id=244\"]}]},{\"@type\":\"BreadcrumbList\",\"@id\":\"https:\/\/www.sakerhetsmaklarna.se\/?page_id=244#breadcrumb\",\"itemListElement\":[{\"@type\":\"ListItem\",\"position\":1,\"name\":\"Hem\",\"item\":\"https:\/\/www.sakerhetsmaklarna.se\/\"},{\"@type\":\"ListItem\",\"position\":2,\"name\":\"Larmuthyrning F\u00f6retag\"}]},{\"@type\":\"WebSite\",\"@id\":\"https:\/\/www.sakerhetsmaklarna.se\/#website\",\"url\":\"https:\/\/www.sakerhetsmaklarna.se\/\",\"name\":\"S\u00e4kerhetsm\u00e4klarna i Sverige AB\",\"description\":\"Bygglarm Stockholm\",\"potentialAction\":[{\"@type\":\"SearchAction\",\"target\":{\"@type\":\"EntryPoint\",\"urlTemplate\":\"https:\/\/www.sakerhetsmaklarna.se\/?s={search_term_string}\"},\"query-input\":\"required name=search_term_string\"}],\"inLanguage\":\"sv-SE\"}]}<\/script>\n<!-- \/ Yoast SEO plugin. -->","yoast_head_json":{"title":"Larmuthyrning F\u00f6retag - Kontakta oss p\u00e5 S\u00e4kerhetsm\u00e4klarna i Sverige AB","description":"Vi arbetar med Larmuthyrning till f\u00f6retag, med oss kan du hyra larmet f\u00f6r s\u00e5 l\u00e5ng tid som du beh\u00f6ver. S\u00e4kerhetsm\u00e4klarna erbjuder helhetsl\u00f6sningar inom larm.","robots":{"index":"index","follow":"follow","max-snippet":"max-snippet:-1","max-image-preview":"max-image-preview:large","max-video-preview":"max-video-preview:-1"},"canonical":"https:\/\/www.sakerhetsmaklarna.se\/?page_id=244","og_locale":"sv_SE","og_type":"article","og_title":"Larmuthyrning F\u00f6retag - Kontakta oss p\u00e5 S\u00e4kerhetsm\u00e4klarna i Sverige AB","og_description":"Vi arbetar med Larmuthyrning till f\u00f6retag, med oss kan du hyra larmet f\u00f6r s\u00e5 l\u00e5ng tid som du beh\u00f6ver. S\u00e4kerhetsm\u00e4klarna erbjuder helhetsl\u00f6sningar inom larm.","og_url":"https:\/\/www.sakerhetsmaklarna.se\/?page_id=244","og_site_name":"S\u00e4kerhetsm\u00e4klarna i Sverige AB","article_modified_time":"2016-08-23T08:41:01+00:00","og_image":[{"width":1024,"height":684,"url":"https:\/\/www.sakerhetsmaklarna.se\/wp-content\/uploads\/2016\/07\/15129209-close-up-of-businessman-using-door-security-system-on-wall-1024x684.jpg","type":"image\/jpeg"}],"twitter_card":"summary_large_image","twitter_misc":{"Ber\u00e4knad l\u00e4stid":"1 minut"},"schema":{"@context":"https:\/\/schema.org","@graph":[{"@type":"WebPage","@id":"https:\/\/www.sakerhetsmaklarna.se\/?page_id=244","url":"https:\/\/www.sakerhetsmaklarna.se\/?page_id=244","name":"Larmuthyrning F\u00f6retag - Kontakta oss p\u00e5 S\u00e4kerhetsm\u00e4klarna i Sverige AB","isPartOf":{"@id":"https:\/\/www.sakerhetsmaklarna.se\/#website"},"datePublished":"2016-08-23T08:39:03+00:00","dateModified":"2016-08-23T08:41:01+00:00","description":"Vi arbetar med Larmuthyrning till f\u00f6retag, med oss kan du hyra larmet f\u00f6r s\u00e5 l\u00e5ng tid som du beh\u00f6ver. S\u00e4kerhetsm\u00e4klarna erbjuder helhetsl\u00f6sningar inom larm.","breadcrumb":{"@id":"https:\/\/www.sakerhetsmaklarna.se\/?page_id=244#breadcrumb"},"inLanguage":"sv-SE","potentialAction":[{"@type":"ReadAction","target":["https:\/\/www.sakerhetsmaklarna.se\/?page_id=244"]}]},{"@type":"BreadcrumbList","@id":"https:\/\/www.sakerhetsmaklarna.se\/?page_id=244#breadcrumb","itemListElement":[{"@type":"ListItem","position":1,"name":"Hem","item":"https:\/\/www.sakerhetsmaklarna.se\/"},{"@type":"ListItem","position":2,"name":"Larmuthyrning F\u00f6retag"}]},{"@type":"WebSite","@id":"https:\/\/www.sakerhetsmaklarna.se\/#website","url":"https:\/\/www.sakerhetsmaklarna.se\/","name":"S\u00e4kerhetsm\u00e4klarna i Sverige AB","description":"Bygglarm Stockholm","potentialAction":[{"@type":"SearchAction","target":{"@type":"EntryPoint","urlTemplate":"https:\/\/www.sakerhetsmaklarna.se\/?s={search_term_string}"},"query-input":"required name=search_term_string"}],"inLanguage":"sv-SE"}]}},"_links":{"self":[{"href":"https:\/\/www.sakerhetsmaklarna.se\/index.php?rest_route=\/wp\/v2\/pages\/244"}],"collection":[{"href":"https:\/\/www.sakerhetsmaklarna.se\/index.php?rest_route=\/wp\/v2\/pages"}],"about":[{"href":"https:\/\/www.sakerhetsmaklarna.se\/index.php?rest_route=\/wp\/v2\/types\/page"}],"author":[{"embeddable":true,"href":"https:\/\/www.sakerhetsmaklarna.se\/index.php?rest_route=\/wp\/v2\/users\/1"}],"replies":[{"embeddable":true,"href":"https:\/\/www.sakerhetsmaklarna.se\/index.php?rest_route=%2Fwp%2Fv2%2Fcomments&post=244"}],"version-history":[{"count":1,"href":"https:\/\/www.sakerhetsmaklarna.se\/index.php?rest_route=\/wp\/v2\/pages\/244\/revisions"}],"predecessor-version":[{"id":245,"href":"https:\/\/www.sakerhetsmaklarna.se\/index.php?rest_route=\/wp\/v2\/pages\/244\/revisions\/245"}],"wp:featuredmedia":[{"embeddable":true,"href":"https:\/\/www.sakerhetsmaklarna.se\/index.php?rest_route=\/wp\/v2\/media\/46"}],"wp:attachment":[{"href":"https:\/\/www.sakerhetsmaklarna.se\/index.php?rest_route=%2Fwp%2Fv2%2Fmedia&parent=244"}],"curies":[{"name":"wp","href":"https:\/\/api.w.org\/{rel}","templated":true}]}}