{"id":239,"date":"2016-08-23T10:34:02","date_gmt":"2016-08-23T08:34:02","guid":{"rendered":"http:\/\/www.sakerhetsmaklarna.se\/?page_id=239"},"modified":"2016-08-23T10:34:02","modified_gmt":"2016-08-23T08:34:02","slug":"larm-bodetablering","status":"publish","type":"page","link":"https:\/\/www.sakerhetsmaklarna.se\/?page_id=239","title":{"rendered":"Larm Bodetablering"},"content":{"rendered":"<p><strong>Du har antagligen s\u00f6kt p\u00e5 \u201clarm bodetablering\u201d och d\u00e5 har du kommit helt r\u00e4tt &#8211; V\u00e4lkommen till oss p\u00e5 S\u00e4kerhetsm\u00e4klarna. Vi arbetar med installering och uthyrning av larm f\u00f6r kunder inom bygg, industri och fastighet &#8211; branscher d\u00e4r behovet av ett larm ofta finns tillf\u00e4lligtvis. <\/strong><\/p>\n<p><span style=\"font-weight: 400;\">Med oss f\u00e5r du en bekv\u00e4m helhetsl\u00f6sning d\u00e4r vi b\u00e5de installerar, monterar och kopplar upp larmet mot larmcentralen, f\u00f6r att sedan montera ner det igen n\u00e4r det inte l\u00e4ngre beh\u00f6vs. <\/span><\/p>\n<p><span style=\"font-weight: 400;\">Vi arbetar snabbt och seri\u00f6st, och oftast \u00e4r larmet i drift redan samma dag som best\u00e4llningen, tack vare att vi till stor del arbetar med tr\u00e5dl\u00f6sa installationer &#8211; enklare \u00e4n s\u00e5 blir det inte.<\/span><\/p>\n<p><span style=\"font-weight: 400;\">Vi har m\u00e5nga \u00e5rs erfarenhet av s\u00e4kerhetsbranschen och erbjuder f\u00f6rutom larm ocks\u00e5 \u00f6vervakningssystem &#8211; en oslagbar kombination i syfte att f\u00f6rhindra brott och st\u00f6ld p\u00e5 en byggarbetsplats. Vi anpassar givetvis alla larmsystem utifr\u00e5n varje bodetablering, hur den \u00e4r utformad och vilka behov som finns. <\/span><\/p>\n<h2><b>Kontakta oss f\u00f6r ett larm f\u00f6r bodetablering<\/b><\/h2>\n<p><span style=\"font-weight: 400;\">Tveka inte att h\u00f6ra av dig till oss om du \u00e4r intresserad av ett larm f\u00f6r bodetablering med oss p\u00e5 S\u00e4kerhetsm\u00e4klarna, s\u00e5 hj\u00e4lper vi dig.<br \/>\n<\/span><br \/>\n<span style=\"font-weight: 400;\">Sl\u00e5 oss g\u00e4rna en signal, s\u00e5 kan vi boka in en tid f\u00f6r installation. V\u00e4lkommen! <\/span><\/p>\n","protected":false},"excerpt":{"rendered":"<p>Du har antagligen s\u00f6kt p\u00e5 \u201clarm bodetablering\u201d och d\u00e5 har du kommit helt r\u00e4tt &#8211; V\u00e4lkommen till oss p\u00e5 S\u00e4kerhetsm\u00e4klarna. Vi arbetar med installering och uthyrning av larm f\u00f6r kunder<\/p>\n<p><a class=\"read-more\" href=\"https:\/\/www.sakerhetsmaklarna.se\/?page_id=239\">L\u00e4s vidare \u00bb<\/a><\/p>\n","protected":false},"author":1,"featured_media":146,"parent":0,"menu_order":100,"comment_status":"closed","ping_status":"closed","template":"page-bmall.php","meta":[],"yoast_head":"<!-- This site is optimized with the Yoast SEO plugin v19.11 - https:\/\/yoast.com\/wordpress\/plugins\/seo\/ -->\n<title>Larm Bodetablering - Kontakta oss p\u00e5 S\u00e4kerhetsm\u00e4klarna i Sverige AB<\/title>\n<meta name=\"description\" content=\"Larm f\u00f6r bodetablering med oss p\u00e5 S\u00e4kerhetsm\u00e4klarna, - Vi hyr ut helhetsl\u00f6sningar inom larm till f\u00f6retag. V\u00e4lkommen att kontakta oss f\u00f6r mer information!\" \/>\n<meta name=\"robots\" content=\"index, follow, max-snippet:-1, max-image-preview:large, max-video-preview:-1\" \/>\n<link rel=\"canonical\" href=\"https:\/\/www.sakerhetsmaklarna.se\/?page_id=239\" \/>\n<meta property=\"og:locale\" content=\"sv_SE\" \/>\n<meta property=\"og:type\" content=\"article\" \/>\n<meta property=\"og:title\" content=\"Larm Bodetablering - Kontakta oss p\u00e5 S\u00e4kerhetsm\u00e4klarna i Sverige AB\" \/>\n<meta property=\"og:description\" content=\"Larm f\u00f6r bodetablering med oss p\u00e5 S\u00e4kerhetsm\u00e4klarna, - Vi hyr ut helhetsl\u00f6sningar inom larm till f\u00f6retag. V\u00e4lkommen att kontakta oss f\u00f6r mer information!\" \/>\n<meta property=\"og:url\" content=\"https:\/\/www.sakerhetsmaklarna.se\/?page_id=239\" \/>\n<meta property=\"og:site_name\" content=\"S\u00e4kerhetsm\u00e4klarna i Sverige AB\" \/>\n<meta property=\"og:image\" content=\"https:\/\/www.sakerhetsmaklarna.se\/wp-content\/uploads\/2016\/07\/4.jpg\" \/>\n\t<meta property=\"og:image:width\" content=\"2000\" \/>\n\t<meta property=\"og:image:height\" content=\"300\" \/>\n\t<meta property=\"og:image:type\" content=\"image\/jpeg\" \/>\n<meta name=\"twitter:card\" content=\"summary_large_image\" \/>\n<meta name=\"twitter:label1\" content=\"Ber\u00e4knad l\u00e4stid\" \/>\n\t<meta name=\"twitter:data1\" content=\"1 minut\" \/>\n<script type=\"application\/ld+json\" class=\"yoast-schema-graph\">{\"@context\":\"https:\/\/schema.org\",\"@graph\":[{\"@type\":\"WebPage\",\"@id\":\"https:\/\/www.sakerhetsmaklarna.se\/?page_id=239\",\"url\":\"https:\/\/www.sakerhetsmaklarna.se\/?page_id=239\",\"name\":\"Larm Bodetablering - Kontakta oss p\u00e5 S\u00e4kerhetsm\u00e4klarna i Sverige AB\",\"isPartOf\":{\"@id\":\"https:\/\/www.sakerhetsmaklarna.se\/#website\"},\"datePublished\":\"2016-08-23T08:34:02+00:00\",\"dateModified\":\"2016-08-23T08:34:02+00:00\",\"description\":\"Larm f\u00f6r bodetablering med oss p\u00e5 S\u00e4kerhetsm\u00e4klarna, - Vi hyr ut helhetsl\u00f6sningar inom larm till f\u00f6retag. V\u00e4lkommen att kontakta oss f\u00f6r mer information!\",\"breadcrumb\":{\"@id\":\"https:\/\/www.sakerhetsmaklarna.se\/?page_id=239#breadcrumb\"},\"inLanguage\":\"sv-SE\",\"potentialAction\":[{\"@type\":\"ReadAction\",\"target\":[\"https:\/\/www.sakerhetsmaklarna.se\/?page_id=239\"]}]},{\"@type\":\"BreadcrumbList\",\"@id\":\"https:\/\/www.sakerhetsmaklarna.se\/?page_id=239#breadcrumb\",\"itemListElement\":[{\"@type\":\"ListItem\",\"position\":1,\"name\":\"Hem\",\"item\":\"https:\/\/www.sakerhetsmaklarna.se\/\"},{\"@type\":\"ListItem\",\"position\":2,\"name\":\"Larm Bodetablering\"}]},{\"@type\":\"WebSite\",\"@id\":\"https:\/\/www.sakerhetsmaklarna.se\/#website\",\"url\":\"https:\/\/www.sakerhetsmaklarna.se\/\",\"name\":\"S\u00e4kerhetsm\u00e4klarna i Sverige AB\",\"description\":\"Bygglarm Stockholm\",\"potentialAction\":[{\"@type\":\"SearchAction\",\"target\":{\"@type\":\"EntryPoint\",\"urlTemplate\":\"https:\/\/www.sakerhetsmaklarna.se\/?s={search_term_string}\"},\"query-input\":\"required name=search_term_string\"}],\"inLanguage\":\"sv-SE\"}]}<\/script>\n<!-- \/ Yoast SEO plugin. -->","yoast_head_json":{"title":"Larm Bodetablering - Kontakta oss p\u00e5 S\u00e4kerhetsm\u00e4klarna i Sverige AB","description":"Larm f\u00f6r bodetablering med oss p\u00e5 S\u00e4kerhetsm\u00e4klarna, - Vi hyr ut helhetsl\u00f6sningar inom larm till f\u00f6retag. V\u00e4lkommen att kontakta oss f\u00f6r mer information!","robots":{"index":"index","follow":"follow","max-snippet":"max-snippet:-1","max-image-preview":"max-image-preview:large","max-video-preview":"max-video-preview:-1"},"canonical":"https:\/\/www.sakerhetsmaklarna.se\/?page_id=239","og_locale":"sv_SE","og_type":"article","og_title":"Larm Bodetablering - Kontakta oss p\u00e5 S\u00e4kerhetsm\u00e4klarna i Sverige AB","og_description":"Larm f\u00f6r bodetablering med oss p\u00e5 S\u00e4kerhetsm\u00e4klarna, - Vi hyr ut helhetsl\u00f6sningar inom larm till f\u00f6retag. V\u00e4lkommen att kontakta oss f\u00f6r mer information!","og_url":"https:\/\/www.sakerhetsmaklarna.se\/?page_id=239","og_site_name":"S\u00e4kerhetsm\u00e4klarna i Sverige AB","og_image":[{"width":2000,"height":300,"url":"https:\/\/www.sakerhetsmaklarna.se\/wp-content\/uploads\/2016\/07\/4.jpg","type":"image\/jpeg"}],"twitter_card":"summary_large_image","twitter_misc":{"Ber\u00e4knad l\u00e4stid":"1 minut"},"schema":{"@context":"https:\/\/schema.org","@graph":[{"@type":"WebPage","@id":"https:\/\/www.sakerhetsmaklarna.se\/?page_id=239","url":"https:\/\/www.sakerhetsmaklarna.se\/?page_id=239","name":"Larm Bodetablering - Kontakta oss p\u00e5 S\u00e4kerhetsm\u00e4klarna i Sverige AB","isPartOf":{"@id":"https:\/\/www.sakerhetsmaklarna.se\/#website"},"datePublished":"2016-08-23T08:34:02+00:00","dateModified":"2016-08-23T08:34:02+00:00","description":"Larm f\u00f6r bodetablering med oss p\u00e5 S\u00e4kerhetsm\u00e4klarna, - Vi hyr ut helhetsl\u00f6sningar inom larm till f\u00f6retag. V\u00e4lkommen att kontakta oss f\u00f6r mer information!","breadcrumb":{"@id":"https:\/\/www.sakerhetsmaklarna.se\/?page_id=239#breadcrumb"},"inLanguage":"sv-SE","potentialAction":[{"@type":"ReadAction","target":["https:\/\/www.sakerhetsmaklarna.se\/?page_id=239"]}]},{"@type":"BreadcrumbList","@id":"https:\/\/www.sakerhetsmaklarna.se\/?page_id=239#breadcrumb","itemListElement":[{"@type":"ListItem","position":1,"name":"Hem","item":"https:\/\/www.sakerhetsmaklarna.se\/"},{"@type":"ListItem","position":2,"name":"Larm Bodetablering"}]},{"@type":"WebSite","@id":"https:\/\/www.sakerhetsmaklarna.se\/#website","url":"https:\/\/www.sakerhetsmaklarna.se\/","name":"S\u00e4kerhetsm\u00e4klarna i Sverige AB","description":"Bygglarm Stockholm","potentialAction":[{"@type":"SearchAction","target":{"@type":"EntryPoint","urlTemplate":"https:\/\/www.sakerhetsmaklarna.se\/?s={search_term_string}"},"query-input":"required name=search_term_string"}],"inLanguage":"sv-SE"}]}},"_links":{"self":[{"href":"https:\/\/www.sakerhetsmaklarna.se\/index.php?rest_route=\/wp\/v2\/pages\/239"}],"collection":[{"href":"https:\/\/www.sakerhetsmaklarna.se\/index.php?rest_route=\/wp\/v2\/pages"}],"about":[{"href":"https:\/\/www.sakerhetsmaklarna.se\/index.php?rest_route=\/wp\/v2\/types\/page"}],"author":[{"embeddable":true,"href":"https:\/\/www.sakerhetsmaklarna.se\/index.php?rest_route=\/wp\/v2\/users\/1"}],"replies":[{"embeddable":true,"href":"https:\/\/www.sakerhetsmaklarna.se\/index.php?rest_route=%2Fwp%2Fv2%2Fcomments&post=239"}],"version-history":[{"count":1,"href":"https:\/\/www.sakerhetsmaklarna.se\/index.php?rest_route=\/wp\/v2\/pages\/239\/revisions"}],"predecessor-version":[{"id":240,"href":"https:\/\/www.sakerhetsmaklarna.se\/index.php?rest_route=\/wp\/v2\/pages\/239\/revisions\/240"}],"wp:featuredmedia":[{"embeddable":true,"href":"https:\/\/www.sakerhetsmaklarna.se\/index.php?rest_route=\/wp\/v2\/media\/146"}],"wp:attachment":[{"href":"https:\/\/www.sakerhetsmaklarna.se\/index.php?rest_route=%2Fwp%2Fv2%2Fmedia&parent=239"}],"curies":[{"name":"wp","href":"https:\/\/api.w.org\/{rel}","templated":true}]}}