{"id":233,"date":"2016-08-23T10:27:05","date_gmt":"2016-08-23T08:27:05","guid":{"rendered":"http:\/\/www.sakerhetsmaklarna.se\/?page_id=233"},"modified":"2016-08-23T10:28:26","modified_gmt":"2016-08-23T08:28:26","slug":"larm-byggstallning","status":"publish","type":"page","link":"https:\/\/www.sakerhetsmaklarna.se\/?page_id=233","title":{"rendered":"Larm Byggst\u00e4llning"},"content":{"rendered":"<p><strong>V\u00e4nd dig till oss p\u00e5 S\u00e4kerhetsm\u00e4klarna n\u00e4r du beh\u00f6ver ett larm till din byggst\u00e4llning. Vi har flera \u00e5rs erfarenhet i s\u00e4kerhetsbranschen och arbetar med uthyrning och installation av olika larm d\u00e4r vi kan larma hela byggarbetsplatsen, inklusive byggst\u00e4llning. <\/strong><\/p>\n<p><span style=\"font-weight: 400;\">M\u00e5nga av v\u00e5ra kunder \u00e4r verksamma inom bygg och industri d\u00e4r behovet av ett larm ofta \u00e4r tillf\u00e4lligt. Vi hyr ut larmet f\u00f6r s\u00e5 l\u00e5ng tid ni beh\u00f6ver och v\u00e5ra flexibla larmsystem kan enkelt \u00e4ndras i takt med byggnationens g\u00e5ng. <\/span><\/p>\n<p><span style=\"font-weight: 400;\">P\u00e5 s\u00e5 vis levereras alltid maximal s\u00e4kerhet. N\u00e4r ni anlitar oss ordnar vi allting \u00e5t er &#8211; fr\u00e5n installation, montering och uppkoppling mot larmcentral till nedmontering av larmet efter uthyrningsperiodens slut. Vi arbetar alltid snabbt och seri\u00f6st, och kan oftast f\u00e5 upp larmet redan samma dag som best\u00e4llningen.<\/span><\/p>\n<h2><b>Flera anledningar till larm p\u00e5 byggst\u00e4llning<\/b><\/h2>\n<p><span style=\"font-weight: 400;\">Det finns m\u00e5nga f\u00f6rdelar med att installera ett larm p\u00e5 byggst\u00e4llningen. Inte minst \u00f6kar det tryggheten f\u00f6r personalen p\u00e5 arbetsplatsen, men det fungerar ocks\u00e5 i f\u00f6rebyggande syfte mot inbrott, skadeg\u00f6relse och st\u00f6ld. <\/span><\/p>\n<p><span style=\"font-weight: 400;\">P\u00e5 en byggarbetsplats finns det en hel del st\u00f6ldbeg\u00e4rliga saker s\u00e5som material, maskiner, verktyg och utrustning d\u00e4r f\u00f6rlust av detta kan medf\u00f6ra stora kostnader. Dels till f\u00f6ljd av stulna saker, men ocks\u00e5 en arbetsprocess som blir f\u00f6rdr\u00f6jd.<\/span><\/p>\n<p><img decoding=\"async\" loading=\"lazy\" class=\"alignnone size-full wp-image-211\" src=\"http:\/\/www.sakerhetsmaklarna.se\/wp-content\/uploads\/2016\/08\/Alarm-byggarbetsplats.jpg\" alt=\"Larm byggst\u00e4llning\" width=\"820\" height=\"300\" srcset=\"https:\/\/www.sakerhetsmaklarna.se\/wp-content\/uploads\/2016\/08\/Alarm-byggarbetsplats.jpg 820w, https:\/\/www.sakerhetsmaklarna.se\/wp-content\/uploads\/2016\/08\/Alarm-byggarbetsplats-300x110.jpg 300w, https:\/\/www.sakerhetsmaklarna.se\/wp-content\/uploads\/2016\/08\/Alarm-byggarbetsplats-768x281.jpg 768w\" sizes=\"(max-width: 820px) 100vw, 820px\" \/><\/p>\n<p><span style=\"font-weight: 400;\">Alla v\u00e5ra larmsystem kan dessutom kompletteras med kamerabevakning, en mycket effektiv kombination som bidrar till att skydda byggarbetsplatsen. Att enbart anv\u00e4nda sig av l\u00e5s och staket r\u00e4cker tyv\u00e4rr inte, d\u00e4r f\u00f6rdelen med larm och kameralarm \u00e4r att det har en avskr\u00e4ckande effekt p\u00e5 inbrottstjuvar redan i ett tidigt skede.<\/span><\/p>\n<p><span style=\"font-weight: 400;\">Om n\u00e5got h\u00e4nder meddelas larmcentralen omedelbart, d\u00e4r man vidtar \u00e5tg\u00e4rder enligt \u00f6verenskommelse. Oftast inneb\u00e4r det att v\u00e4ktare skickas direkt till platsen. De informerar dig, ringer polisen och \u00e5tg\u00e4rdar de v\u00e4rsta skadorna p\u00e5 d\u00f6rrar och f\u00f6nster. <\/span><\/p>\n<h2><b>L\u00e5ng erfarenhet av l\u00f6sningar inom larm<\/b><\/h2>\n<p><span style=\"font-weight: 400;\">Vi har i m\u00e5nga \u00e5r arbetat med larm f\u00f6r byggst\u00e4llning, och med oss hyr ni f\u00f6r s\u00e5 l\u00e5ng tid ni \u00f6nskar. F\u00f6rutom detektorer f\u00f6r inbrottslarm erbjuder vi \u00e4ven brandlarm, n\u00e5got som kan vara bra vid riskabla aktiviteter p\u00e5 bygget. <\/span><\/p>\n<p><span style=\"font-weight: 400;\">Om du \u00e4r intresserad av att veta vad vi arbetat med tidigare har vi samlat ett antal olika referenser h\u00e4r p\u00e5 webben.<\/span><\/p>\n<h2><b>Kontakta oss f\u00f6r ett larm till byggst\u00e4llning<\/b><\/h2>\n<p><span style=\"font-weight: 400;\">H\u00f6r g\u00e4rna av dig till oss om du \u00e4r intresserad av ett larm till din byggst\u00e4llning, s\u00e5 hj\u00e4lper vi dig. Du n\u00e5r oss enklast per telefon &#8211; ring oss s\u00e5 bokar vi in en tid f\u00f6r installation. V\u00e4lkommen till S\u00e4kerhetsm\u00e4klarna.<\/span><\/p>\n","protected":false},"excerpt":{"rendered":"<p>V\u00e4nd dig till oss p\u00e5 S\u00e4kerhetsm\u00e4klarna n\u00e4r du beh\u00f6ver ett larm till din byggst\u00e4llning. Vi har flera \u00e5rs erfarenhet i s\u00e4kerhetsbranschen och arbetar med uthyrning och installation av olika larm<\/p>\n<p><a class=\"read-more\" href=\"https:\/\/www.sakerhetsmaklarna.se\/?page_id=233\">L\u00e4s vidare \u00bb<\/a><\/p>\n","protected":false},"author":1,"featured_media":146,"parent":0,"menu_order":100,"comment_status":"closed","ping_status":"closed","template":"page-bmall.php","meta":[],"yoast_head":"<!-- This site is optimized with the Yoast SEO plugin v19.11 - https:\/\/yoast.com\/wordpress\/plugins\/seo\/ -->\n<title>Larm Byggst\u00e4llning - V\u00e4nd dig till S\u00e4kerhetsm\u00e4klarna i Sverige AB<\/title>\n<meta name=\"description\" content=\"Du som beh\u00f6ver ett larm f\u00f6r din byggst\u00e4llning - Kontakta oss p\u00e5 S\u00e4kerhetsm\u00e4klarna. Vi har l\u00e5ng erfarenhet inom uthyrning av larm till f\u00f6retag. V\u00e4lkommen!\" \/>\n<meta name=\"robots\" content=\"index, follow, max-snippet:-1, max-image-preview:large, max-video-preview:-1\" \/>\n<link rel=\"canonical\" href=\"https:\/\/www.sakerhetsmaklarna.se\/?page_id=233\" \/>\n<meta property=\"og:locale\" content=\"sv_SE\" \/>\n<meta property=\"og:type\" content=\"article\" \/>\n<meta property=\"og:title\" content=\"Larm Byggst\u00e4llning - V\u00e4nd dig till S\u00e4kerhetsm\u00e4klarna i Sverige AB\" \/>\n<meta property=\"og:description\" content=\"Du som beh\u00f6ver ett larm f\u00f6r din byggst\u00e4llning - Kontakta oss p\u00e5 S\u00e4kerhetsm\u00e4klarna. Vi har l\u00e5ng erfarenhet inom uthyrning av larm till f\u00f6retag. V\u00e4lkommen!\" \/>\n<meta property=\"og:url\" content=\"https:\/\/www.sakerhetsmaklarna.se\/?page_id=233\" \/>\n<meta property=\"og:site_name\" content=\"S\u00e4kerhetsm\u00e4klarna i Sverige AB\" \/>\n<meta property=\"article:modified_time\" content=\"2016-08-23T08:28:26+00:00\" \/>\n<meta property=\"og:image\" content=\"https:\/\/www.sakerhetsmaklarna.se\/wp-content\/uploads\/2016\/07\/4.jpg\" \/>\n\t<meta property=\"og:image:width\" content=\"2000\" \/>\n\t<meta property=\"og:image:height\" content=\"300\" \/>\n\t<meta property=\"og:image:type\" content=\"image\/jpeg\" \/>\n<meta name=\"twitter:card\" content=\"summary_large_image\" \/>\n<meta name=\"twitter:label1\" content=\"Ber\u00e4knad l\u00e4stid\" \/>\n\t<meta name=\"twitter:data1\" content=\"2 minuter\" \/>\n<script type=\"application\/ld+json\" class=\"yoast-schema-graph\">{\"@context\":\"https:\/\/schema.org\",\"@graph\":[{\"@type\":\"WebPage\",\"@id\":\"https:\/\/www.sakerhetsmaklarna.se\/?page_id=233\",\"url\":\"https:\/\/www.sakerhetsmaklarna.se\/?page_id=233\",\"name\":\"Larm Byggst\u00e4llning - V\u00e4nd dig till S\u00e4kerhetsm\u00e4klarna i Sverige AB\",\"isPartOf\":{\"@id\":\"https:\/\/www.sakerhetsmaklarna.se\/#website\"},\"datePublished\":\"2016-08-23T08:27:05+00:00\",\"dateModified\":\"2016-08-23T08:28:26+00:00\",\"description\":\"Du som beh\u00f6ver ett larm f\u00f6r din byggst\u00e4llning - Kontakta oss p\u00e5 S\u00e4kerhetsm\u00e4klarna. Vi har l\u00e5ng erfarenhet inom uthyrning av larm till f\u00f6retag. V\u00e4lkommen!\",\"breadcrumb\":{\"@id\":\"https:\/\/www.sakerhetsmaklarna.se\/?page_id=233#breadcrumb\"},\"inLanguage\":\"sv-SE\",\"potentialAction\":[{\"@type\":\"ReadAction\",\"target\":[\"https:\/\/www.sakerhetsmaklarna.se\/?page_id=233\"]}]},{\"@type\":\"BreadcrumbList\",\"@id\":\"https:\/\/www.sakerhetsmaklarna.se\/?page_id=233#breadcrumb\",\"itemListElement\":[{\"@type\":\"ListItem\",\"position\":1,\"name\":\"Hem\",\"item\":\"https:\/\/www.sakerhetsmaklarna.se\/\"},{\"@type\":\"ListItem\",\"position\":2,\"name\":\"Larm Byggst\u00e4llning\"}]},{\"@type\":\"WebSite\",\"@id\":\"https:\/\/www.sakerhetsmaklarna.se\/#website\",\"url\":\"https:\/\/www.sakerhetsmaklarna.se\/\",\"name\":\"S\u00e4kerhetsm\u00e4klarna i Sverige AB\",\"description\":\"Bygglarm Stockholm\",\"potentialAction\":[{\"@type\":\"SearchAction\",\"target\":{\"@type\":\"EntryPoint\",\"urlTemplate\":\"https:\/\/www.sakerhetsmaklarna.se\/?s={search_term_string}\"},\"query-input\":\"required name=search_term_string\"}],\"inLanguage\":\"sv-SE\"}]}<\/script>\n<!-- \/ Yoast SEO plugin. -->","yoast_head_json":{"title":"Larm Byggst\u00e4llning - V\u00e4nd dig till S\u00e4kerhetsm\u00e4klarna i Sverige AB","description":"Du som beh\u00f6ver ett larm f\u00f6r din byggst\u00e4llning - Kontakta oss p\u00e5 S\u00e4kerhetsm\u00e4klarna. Vi har l\u00e5ng erfarenhet inom uthyrning av larm till f\u00f6retag. V\u00e4lkommen!","robots":{"index":"index","follow":"follow","max-snippet":"max-snippet:-1","max-image-preview":"max-image-preview:large","max-video-preview":"max-video-preview:-1"},"canonical":"https:\/\/www.sakerhetsmaklarna.se\/?page_id=233","og_locale":"sv_SE","og_type":"article","og_title":"Larm Byggst\u00e4llning - V\u00e4nd dig till S\u00e4kerhetsm\u00e4klarna i Sverige AB","og_description":"Du som beh\u00f6ver ett larm f\u00f6r din byggst\u00e4llning - Kontakta oss p\u00e5 S\u00e4kerhetsm\u00e4klarna. Vi har l\u00e5ng erfarenhet inom uthyrning av larm till f\u00f6retag. V\u00e4lkommen!","og_url":"https:\/\/www.sakerhetsmaklarna.se\/?page_id=233","og_site_name":"S\u00e4kerhetsm\u00e4klarna i Sverige AB","article_modified_time":"2016-08-23T08:28:26+00:00","og_image":[{"width":2000,"height":300,"url":"https:\/\/www.sakerhetsmaklarna.se\/wp-content\/uploads\/2016\/07\/4.jpg","type":"image\/jpeg"}],"twitter_card":"summary_large_image","twitter_misc":{"Ber\u00e4knad l\u00e4stid":"2 minuter"},"schema":{"@context":"https:\/\/schema.org","@graph":[{"@type":"WebPage","@id":"https:\/\/www.sakerhetsmaklarna.se\/?page_id=233","url":"https:\/\/www.sakerhetsmaklarna.se\/?page_id=233","name":"Larm Byggst\u00e4llning - V\u00e4nd dig till S\u00e4kerhetsm\u00e4klarna i Sverige AB","isPartOf":{"@id":"https:\/\/www.sakerhetsmaklarna.se\/#website"},"datePublished":"2016-08-23T08:27:05+00:00","dateModified":"2016-08-23T08:28:26+00:00","description":"Du som beh\u00f6ver ett larm f\u00f6r din byggst\u00e4llning - Kontakta oss p\u00e5 S\u00e4kerhetsm\u00e4klarna. Vi har l\u00e5ng erfarenhet inom uthyrning av larm till f\u00f6retag. V\u00e4lkommen!","breadcrumb":{"@id":"https:\/\/www.sakerhetsmaklarna.se\/?page_id=233#breadcrumb"},"inLanguage":"sv-SE","potentialAction":[{"@type":"ReadAction","target":["https:\/\/www.sakerhetsmaklarna.se\/?page_id=233"]}]},{"@type":"BreadcrumbList","@id":"https:\/\/www.sakerhetsmaklarna.se\/?page_id=233#breadcrumb","itemListElement":[{"@type":"ListItem","position":1,"name":"Hem","item":"https:\/\/www.sakerhetsmaklarna.se\/"},{"@type":"ListItem","position":2,"name":"Larm Byggst\u00e4llning"}]},{"@type":"WebSite","@id":"https:\/\/www.sakerhetsmaklarna.se\/#website","url":"https:\/\/www.sakerhetsmaklarna.se\/","name":"S\u00e4kerhetsm\u00e4klarna i Sverige AB","description":"Bygglarm Stockholm","potentialAction":[{"@type":"SearchAction","target":{"@type":"EntryPoint","urlTemplate":"https:\/\/www.sakerhetsmaklarna.se\/?s={search_term_string}"},"query-input":"required name=search_term_string"}],"inLanguage":"sv-SE"}]}},"_links":{"self":[{"href":"https:\/\/www.sakerhetsmaklarna.se\/index.php?rest_route=\/wp\/v2\/pages\/233"}],"collection":[{"href":"https:\/\/www.sakerhetsmaklarna.se\/index.php?rest_route=\/wp\/v2\/pages"}],"about":[{"href":"https:\/\/www.sakerhetsmaklarna.se\/index.php?rest_route=\/wp\/v2\/types\/page"}],"author":[{"embeddable":true,"href":"https:\/\/www.sakerhetsmaklarna.se\/index.php?rest_route=\/wp\/v2\/users\/1"}],"replies":[{"embeddable":true,"href":"https:\/\/www.sakerhetsmaklarna.se\/index.php?rest_route=%2Fwp%2Fv2%2Fcomments&post=233"}],"version-history":[{"count":3,"href":"https:\/\/www.sakerhetsmaklarna.se\/index.php?rest_route=\/wp\/v2\/pages\/233\/revisions"}],"predecessor-version":[{"id":236,"href":"https:\/\/www.sakerhetsmaklarna.se\/index.php?rest_route=\/wp\/v2\/pages\/233\/revisions\/236"}],"wp:featuredmedia":[{"embeddable":true,"href":"https:\/\/www.sakerhetsmaklarna.se\/index.php?rest_route=\/wp\/v2\/media\/146"}],"wp:attachment":[{"href":"https:\/\/www.sakerhetsmaklarna.se\/index.php?rest_route=%2Fwp%2Fv2%2Fmedia&parent=233"}],"curies":[{"name":"wp","href":"https:\/\/api.w.org\/{rel}","templated":true}]}}