{"id":230,"date":"2016-08-23T10:21:52","date_gmt":"2016-08-23T08:21:52","guid":{"rendered":"http:\/\/www.sakerhetsmaklarna.se\/?page_id=230"},"modified":"2016-08-23T10:23:33","modified_gmt":"2016-08-23T08:23:33","slug":"kameralarm-foretag","status":"publish","type":"page","link":"https:\/\/www.sakerhetsmaklarna.se\/?page_id=230","title":{"rendered":"Kameralarm F\u00f6retag"},"content":{"rendered":"<p><strong>Du har f\u00f6rmodligen s\u00f6kt p\u00e5 \u201ckameralarm f\u00f6retag\u201d och d\u00e5 har du hamnat alldeles r\u00e4tt &#8211; v\u00e4lkommen till oss p\u00e5 S\u00e4kerhetsm\u00e4klarna. Vi har m\u00e5nga \u00e5rs erfarenhet av s\u00e4kerhetsbranschen och arbetar med att installera \u00f6vervakning och larmsystem f\u00f6r f\u00f6retag. <\/strong><\/p>\n<p><span style=\"font-weight: 400;\">M\u00e5nga av v\u00e5ra kunder har behov av kameralarm under en begr\u00e4nsad period, till exempel p\u00e5 byggarbetsplatser, och d\u00e4rf\u00f6r erbjuder vi flexibla hyrlarm. <\/span><\/p>\n<p><span style=\"font-weight: 400;\">N\u00e4r ni anlitar oss f\u00f6r ett kameralarm ordnar vi allting \u00e5t er &#8211; fr\u00e5n installation, montering och uppkoppling mot larmcentral till att sedan montera ner larmet igen n\u00e4r det inte l\u00e4ngre beh\u00f6vs. Vi arbetar snabbt och kan oftast f\u00e5 upp ert larmsystem redan samma dag som best\u00e4llningen &#8211; detta tack vare att vi i huvudsak arbetar med tr\u00e5dl\u00f6sa detektorer.<\/span><\/p>\n<h2><b>F\u00f6rdelen med kameralarm<\/b><\/h2>\n<p><span style=\"font-weight: 400;\">Det finns m\u00e5nga f\u00f6rdelar med att utrusta arbetsplatsen med ett kameralarm. Oftast finns det mycket som kan locka till st\u00f6ld p\u00e5 byggarbetsplatser, s\u00e5som maskiner, verktyg, material och utrustning. Ett inbrott blir d\u00e4rf\u00f6r kostsamt ur flera perspektiv &#8211; arbetsprocessen f\u00f6rdr\u00f6js, skador m\u00e5ste kanske repareras och material m\u00e5ste \u00e5terinskaffas. <\/span><\/p>\n<p><span style=\"font-weight: 400;\">D\u00e4rf\u00f6r \u00e4r det l\u00f6nsamt att investera i ett bra kameralarm, och alla v\u00e5ra larmsystem kan anpassas och \u00e4ndras i takt med arbetets g\u00e5ng p\u00e5 byggarbetsplatsen. P\u00e5 s\u00e5 vis levereras hela tiden maximal s\u00e4kerhet och vi kan larma hela byggarbetsplatsen, inklusive byggst\u00e4llningar vid behov.<\/span><\/p>\n<p><img decoding=\"async\" loading=\"lazy\" class=\"alignnone size-full wp-image-211\" src=\"http:\/\/www.sakerhetsmaklarna.se\/wp-content\/uploads\/2016\/08\/Alarm-byggarbetsplats.jpg\" alt=\"Kameralarm F\u00f6retag\" width=\"820\" height=\"300\" srcset=\"https:\/\/www.sakerhetsmaklarna.se\/wp-content\/uploads\/2016\/08\/Alarm-byggarbetsplats.jpg 820w, https:\/\/www.sakerhetsmaklarna.se\/wp-content\/uploads\/2016\/08\/Alarm-byggarbetsplats-300x110.jpg 300w, https:\/\/www.sakerhetsmaklarna.se\/wp-content\/uploads\/2016\/08\/Alarm-byggarbetsplats-768x281.jpg 768w\" sizes=\"(max-width: 820px) 100vw, 820px\" \/><\/p>\n<p><span style=\"font-weight: 400;\">En kombination av kamerabevakning och larm \u00e4r mycket effektivt i syfte att f\u00f6rhindra brott och skadeg\u00f6relse &#8211; att enbart f\u00f6rlita sig p\u00e5 l\u00e5s och staket r\u00e4cker tyv\u00e4rr inte. Kamerabevakning har en avskr\u00e4ckande effekt p\u00e5 inbrottstjuvar redan i ett tidigt skede, d\u00e4r informationen om att platsen kamera\u00f6vervakas i sig inneb\u00e4r ett f\u00f6rebyggande skydd. <\/span><\/p>\n<p><span style=\"font-weight: 400;\">Om n\u00e5got h\u00e4nder vidtar larmcentralen \u00e5tg\u00e4rder enligt \u00f6verenskommelse, och i de flesta fall inneb\u00e4r det att en v\u00e4ktare skickas till platsen. D\u00e4refter kontaktar de dig och meddelar polisen. <\/span><\/p>\n<h2><b>L\u00e5ng erfarenhet av s\u00e4kerhetssystem<\/b><\/h2>\n<p><span style=\"font-weight: 400;\">Vi har i m\u00e5nga \u00e5r levererat gedigna s\u00e4kerhetssystem med kameralarm till flera kunder inom bygg, industri och fastighet. H\u00e4r p\u00e5 v\u00e5r hemsida har vi samlat n\u00e5gra referenser som du g\u00e4rna f\u00e5r ta en titt p\u00e5 om du vill veta mer om vad vi arbetat med tidigare.<\/span><\/p>\n<p><span style=\"font-weight: 400;\">Ut\u00f6ver detektorer f\u00f6r inbrottslarm erbjuder vi \u00e4ven brandlarm och olika typer av driftlarm med givare f\u00f6r till exempel str\u00f6mavbrott och vattenniv\u00e5er, f\u00f6r att p\u00e5 s\u00e5 vis undvika utkylda byggbodar, s\u00f6nderfrusna vattenledningar och \u00f6versv\u00e4mningar.<\/span><\/p>\n<h2><b>Kontakta oss f\u00f6r ett kameralarm till ert f\u00f6retag<\/b><\/h2>\n<p><span style=\"font-weight: 400;\">Med oss som leverant\u00f6r av ert kameralarm till ert f\u00f6retag f\u00e5r ni tillg\u00e5ng till larmet f\u00f6r precis s\u00e5 l\u00e5ng tid ni beh\u00f6ver, och vi anpassar givetvis alltid varje s\u00e4kerhetsl\u00f6sning efter varje individuell arbetsplats. <\/span><\/p>\n<p><span style=\"font-weight: 400;\">Tveka inte att h\u00f6ra av dig till oss om du vill veta mer om hur vi arbetar eller vad vi kan g\u00f6ra f\u00f6r dig vad g\u00e4ller s\u00e4kerheten p\u00e5 f\u00f6retaget. V\u00e4lkommen att ringa oss, s\u00e5 ber\u00e4ttar vi mer. <\/span><\/p>\n","protected":false},"excerpt":{"rendered":"<p>Du har f\u00f6rmodligen s\u00f6kt p\u00e5 \u201ckameralarm f\u00f6retag\u201d och d\u00e5 har du hamnat alldeles r\u00e4tt &#8211; v\u00e4lkommen till oss p\u00e5 S\u00e4kerhetsm\u00e4klarna. Vi har m\u00e5nga \u00e5rs erfarenhet av s\u00e4kerhetsbranschen och arbetar med<\/p>\n<p><a class=\"read-more\" href=\"https:\/\/www.sakerhetsmaklarna.se\/?page_id=230\">L\u00e4s vidare \u00bb<\/a><\/p>\n","protected":false},"author":1,"featured_media":146,"parent":0,"menu_order":100,"comment_status":"closed","ping_status":"closed","template":"page-bmall.php","meta":[],"yoast_head":"<!-- This site is optimized with the Yoast SEO plugin v19.11 - https:\/\/yoast.com\/wordpress\/plugins\/seo\/ -->\n<title>Kameralarm F\u00f6retag - V\u00e4nd dig till S\u00e4kerhetsm\u00e4klarna i Sverige AB<\/title>\n<meta name=\"description\" content=\"Kameralarm till f\u00f6retag till uthyrning av S\u00e4kerhetsm\u00e4klarna. Vi har m\u00e5nga \u00e5rs erfarenhet &amp; arbetar alltid snabbt &amp; seri\u00f6st. Kontakta oss f\u00f6r mer info\" \/>\n<meta name=\"robots\" content=\"index, follow, max-snippet:-1, max-image-preview:large, max-video-preview:-1\" \/>\n<link rel=\"canonical\" href=\"https:\/\/www.sakerhetsmaklarna.se\/?page_id=230\" \/>\n<meta property=\"og:locale\" content=\"sv_SE\" \/>\n<meta property=\"og:type\" content=\"article\" \/>\n<meta property=\"og:title\" content=\"Kameralarm F\u00f6retag - V\u00e4nd dig till S\u00e4kerhetsm\u00e4klarna i Sverige AB\" \/>\n<meta property=\"og:description\" content=\"Kameralarm till f\u00f6retag till uthyrning av S\u00e4kerhetsm\u00e4klarna. Vi har m\u00e5nga \u00e5rs erfarenhet &amp; arbetar alltid snabbt &amp; seri\u00f6st. Kontakta oss f\u00f6r mer info\" \/>\n<meta property=\"og:url\" content=\"https:\/\/www.sakerhetsmaklarna.se\/?page_id=230\" \/>\n<meta property=\"og:site_name\" content=\"S\u00e4kerhetsm\u00e4klarna i Sverige AB\" \/>\n<meta property=\"article:modified_time\" content=\"2016-08-23T08:23:33+00:00\" \/>\n<meta property=\"og:image\" content=\"https:\/\/www.sakerhetsmaklarna.se\/wp-content\/uploads\/2016\/07\/4.jpg\" \/>\n\t<meta property=\"og:image:width\" content=\"2000\" \/>\n\t<meta property=\"og:image:height\" content=\"300\" \/>\n\t<meta property=\"og:image:type\" content=\"image\/jpeg\" \/>\n<meta name=\"twitter:card\" content=\"summary_large_image\" \/>\n<meta name=\"twitter:label1\" content=\"Ber\u00e4knad l\u00e4stid\" \/>\n\t<meta name=\"twitter:data1\" content=\"3 minuter\" \/>\n<script type=\"application\/ld+json\" class=\"yoast-schema-graph\">{\"@context\":\"https:\/\/schema.org\",\"@graph\":[{\"@type\":\"WebPage\",\"@id\":\"https:\/\/www.sakerhetsmaklarna.se\/?page_id=230\",\"url\":\"https:\/\/www.sakerhetsmaklarna.se\/?page_id=230\",\"name\":\"Kameralarm F\u00f6retag - V\u00e4nd dig till S\u00e4kerhetsm\u00e4klarna i Sverige AB\",\"isPartOf\":{\"@id\":\"https:\/\/www.sakerhetsmaklarna.se\/#website\"},\"datePublished\":\"2016-08-23T08:21:52+00:00\",\"dateModified\":\"2016-08-23T08:23:33+00:00\",\"description\":\"Kameralarm till f\u00f6retag till uthyrning av S\u00e4kerhetsm\u00e4klarna. Vi har m\u00e5nga \u00e5rs erfarenhet & arbetar alltid snabbt & seri\u00f6st. Kontakta oss f\u00f6r mer info\",\"breadcrumb\":{\"@id\":\"https:\/\/www.sakerhetsmaklarna.se\/?page_id=230#breadcrumb\"},\"inLanguage\":\"sv-SE\",\"potentialAction\":[{\"@type\":\"ReadAction\",\"target\":[\"https:\/\/www.sakerhetsmaklarna.se\/?page_id=230\"]}]},{\"@type\":\"BreadcrumbList\",\"@id\":\"https:\/\/www.sakerhetsmaklarna.se\/?page_id=230#breadcrumb\",\"itemListElement\":[{\"@type\":\"ListItem\",\"position\":1,\"name\":\"Hem\",\"item\":\"https:\/\/www.sakerhetsmaklarna.se\/\"},{\"@type\":\"ListItem\",\"position\":2,\"name\":\"Kameralarm F\u00f6retag\"}]},{\"@type\":\"WebSite\",\"@id\":\"https:\/\/www.sakerhetsmaklarna.se\/#website\",\"url\":\"https:\/\/www.sakerhetsmaklarna.se\/\",\"name\":\"S\u00e4kerhetsm\u00e4klarna i Sverige AB\",\"description\":\"Bygglarm Stockholm\",\"potentialAction\":[{\"@type\":\"SearchAction\",\"target\":{\"@type\":\"EntryPoint\",\"urlTemplate\":\"https:\/\/www.sakerhetsmaklarna.se\/?s={search_term_string}\"},\"query-input\":\"required name=search_term_string\"}],\"inLanguage\":\"sv-SE\"}]}<\/script>\n<!-- \/ Yoast SEO plugin. -->","yoast_head_json":{"title":"Kameralarm F\u00f6retag - V\u00e4nd dig till S\u00e4kerhetsm\u00e4klarna i Sverige AB","description":"Kameralarm till f\u00f6retag till uthyrning av S\u00e4kerhetsm\u00e4klarna. Vi har m\u00e5nga \u00e5rs erfarenhet & arbetar alltid snabbt & seri\u00f6st. Kontakta oss f\u00f6r mer info","robots":{"index":"index","follow":"follow","max-snippet":"max-snippet:-1","max-image-preview":"max-image-preview:large","max-video-preview":"max-video-preview:-1"},"canonical":"https:\/\/www.sakerhetsmaklarna.se\/?page_id=230","og_locale":"sv_SE","og_type":"article","og_title":"Kameralarm F\u00f6retag - V\u00e4nd dig till S\u00e4kerhetsm\u00e4klarna i Sverige AB","og_description":"Kameralarm till f\u00f6retag till uthyrning av S\u00e4kerhetsm\u00e4klarna. Vi har m\u00e5nga \u00e5rs erfarenhet & arbetar alltid snabbt & seri\u00f6st. Kontakta oss f\u00f6r mer info","og_url":"https:\/\/www.sakerhetsmaklarna.se\/?page_id=230","og_site_name":"S\u00e4kerhetsm\u00e4klarna i Sverige AB","article_modified_time":"2016-08-23T08:23:33+00:00","og_image":[{"width":2000,"height":300,"url":"https:\/\/www.sakerhetsmaklarna.se\/wp-content\/uploads\/2016\/07\/4.jpg","type":"image\/jpeg"}],"twitter_card":"summary_large_image","twitter_misc":{"Ber\u00e4knad l\u00e4stid":"3 minuter"},"schema":{"@context":"https:\/\/schema.org","@graph":[{"@type":"WebPage","@id":"https:\/\/www.sakerhetsmaklarna.se\/?page_id=230","url":"https:\/\/www.sakerhetsmaklarna.se\/?page_id=230","name":"Kameralarm F\u00f6retag - V\u00e4nd dig till S\u00e4kerhetsm\u00e4klarna i Sverige AB","isPartOf":{"@id":"https:\/\/www.sakerhetsmaklarna.se\/#website"},"datePublished":"2016-08-23T08:21:52+00:00","dateModified":"2016-08-23T08:23:33+00:00","description":"Kameralarm till f\u00f6retag till uthyrning av S\u00e4kerhetsm\u00e4klarna. Vi har m\u00e5nga \u00e5rs erfarenhet & arbetar alltid snabbt & seri\u00f6st. Kontakta oss f\u00f6r mer info","breadcrumb":{"@id":"https:\/\/www.sakerhetsmaklarna.se\/?page_id=230#breadcrumb"},"inLanguage":"sv-SE","potentialAction":[{"@type":"ReadAction","target":["https:\/\/www.sakerhetsmaklarna.se\/?page_id=230"]}]},{"@type":"BreadcrumbList","@id":"https:\/\/www.sakerhetsmaklarna.se\/?page_id=230#breadcrumb","itemListElement":[{"@type":"ListItem","position":1,"name":"Hem","item":"https:\/\/www.sakerhetsmaklarna.se\/"},{"@type":"ListItem","position":2,"name":"Kameralarm F\u00f6retag"}]},{"@type":"WebSite","@id":"https:\/\/www.sakerhetsmaklarna.se\/#website","url":"https:\/\/www.sakerhetsmaklarna.se\/","name":"S\u00e4kerhetsm\u00e4klarna i Sverige AB","description":"Bygglarm Stockholm","potentialAction":[{"@type":"SearchAction","target":{"@type":"EntryPoint","urlTemplate":"https:\/\/www.sakerhetsmaklarna.se\/?s={search_term_string}"},"query-input":"required name=search_term_string"}],"inLanguage":"sv-SE"}]}},"_links":{"self":[{"href":"https:\/\/www.sakerhetsmaklarna.se\/index.php?rest_route=\/wp\/v2\/pages\/230"}],"collection":[{"href":"https:\/\/www.sakerhetsmaklarna.se\/index.php?rest_route=\/wp\/v2\/pages"}],"about":[{"href":"https:\/\/www.sakerhetsmaklarna.se\/index.php?rest_route=\/wp\/v2\/types\/page"}],"author":[{"embeddable":true,"href":"https:\/\/www.sakerhetsmaklarna.se\/index.php?rest_route=\/wp\/v2\/users\/1"}],"replies":[{"embeddable":true,"href":"https:\/\/www.sakerhetsmaklarna.se\/index.php?rest_route=%2Fwp%2Fv2%2Fcomments&post=230"}],"version-history":[{"count":2,"href":"https:\/\/www.sakerhetsmaklarna.se\/index.php?rest_route=\/wp\/v2\/pages\/230\/revisions"}],"predecessor-version":[{"id":232,"href":"https:\/\/www.sakerhetsmaklarna.se\/index.php?rest_route=\/wp\/v2\/pages\/230\/revisions\/232"}],"wp:featuredmedia":[{"embeddable":true,"href":"https:\/\/www.sakerhetsmaklarna.se\/index.php?rest_route=\/wp\/v2\/media\/146"}],"wp:attachment":[{"href":"https:\/\/www.sakerhetsmaklarna.se\/index.php?rest_route=%2Fwp%2Fv2%2Fmedia&parent=230"}],"curies":[{"name":"wp","href":"https:\/\/api.w.org\/{rel}","templated":true}]}}