{"id":226,"date":"2016-08-23T10:18:43","date_gmt":"2016-08-23T08:18:43","guid":{"rendered":"http:\/\/www.sakerhetsmaklarna.se\/?page_id=226"},"modified":"2016-08-23T10:20:19","modified_gmt":"2016-08-23T08:20:19","slug":"kamerabevakning-i-stockholm","status":"publish","type":"page","link":"https:\/\/www.sakerhetsmaklarna.se\/?page_id=226","title":{"rendered":"Kamerabevakning i Stockholm"},"content":{"rendered":"<p><strong>S\u00e4kerhetsm\u00e4klarna arbetar med kamerabevakning i Stockholm, och kan installera gedigna \u00f6vervakningssystem. Det \u00e4r ett effektivt s\u00e4tt att skydda en byggarbetsplats och f\u00f6rebygga inbrott och skadeg\u00f6relse, vilket kan medf\u00f6ra dyra kostnader. <\/strong><\/p>\n<p><span style=\"font-weight: 400;\">N\u00e4r du anlitar oss f\u00f6r kamerabevakning ordnar vi allt \u00e5t dig, fr\u00e5n installation och montering till nedmontering n\u00e4r \u00f6vervakningssystemet inte l\u00e4ngre beh\u00f6vs. <\/span><\/p>\n<p><span style=\"font-weight: 400;\">Vi \u00e4r flexibla och experter p\u00e5 tillf\u00e4lliga s\u00e4kerhetsl\u00f6sningar, d\u00e4r behovet av kamerabevakning kan finnas under en kortare period. Dessutom arbetar vi alltid snabbt och kan oftast f\u00e5 upp s\u00e4kerhetssystemet samma dag som best\u00e4llningen.<\/span><\/p>\n<h2><b>F\u00f6rdelen med kamerabevakning<\/b><\/h2>\n<p><span style=\"font-weight: 400;\">F\u00f6rdelen med kamerabevakning \u00e4r dels att det kan minska skadeg\u00f6relse och st\u00f6ld, men det \u00f6kar ocks\u00e5 tryggheten p\u00e5 arbetsplatsen. Med ett \u00f6vervakningssystem har du kontroll p\u00e5 vad som h\u00e4nder dygnet runt, \u00e4ven n\u00e4r ingen \u00e4r p\u00e5 plats. <\/span><\/p>\n<p><span style=\"font-weight: 400;\">Ett \u00f6vervakningssystem bidrar ofta till att avskr\u00e4cka inbrottstjuvar eller ov\u00e4lkomna redan i ett tidigt skede.<\/span><\/p>\n<p><img decoding=\"async\" loading=\"lazy\" class=\"alignnone size-full wp-image-211\" src=\"http:\/\/www.sakerhetsmaklarna.se\/wp-content\/uploads\/2016\/08\/Alarm-byggarbetsplats.jpg\" alt=\"Kamerabevakning i Stockholm\" width=\"820\" height=\"300\" srcset=\"https:\/\/www.sakerhetsmaklarna.se\/wp-content\/uploads\/2016\/08\/Alarm-byggarbetsplats.jpg 820w, https:\/\/www.sakerhetsmaklarna.se\/wp-content\/uploads\/2016\/08\/Alarm-byggarbetsplats-300x110.jpg 300w, https:\/\/www.sakerhetsmaklarna.se\/wp-content\/uploads\/2016\/08\/Alarm-byggarbetsplats-768x281.jpg 768w\" sizes=\"(max-width: 820px) 100vw, 820px\" \/><\/p>\n<p><span style=\"font-weight: 400;\">Vi har m\u00e5nga \u00e5rs erfarenhet av s\u00e4kerhetsl\u00f6sningar och erbjuder ut\u00f6ver kamerabevakning ocks\u00e5 olika larmsystem. En kombination av ett larmsystem och kamerabevakning \u00e4r mycket effektivt i syfte att f\u00f6rhindra brott. <\/span><\/p>\n<h2><b>Kontakta oss f\u00f6r kamerabevakning i Stockholm<\/b><\/h2>\n<p><span style=\"font-weight: 400;\">Genom \u00e5ren har vi arbetat med flera olika kunder inom bygg, fastighet och industri, och vi har samlat n\u00e5gra referenser h\u00e4r p\u00e5 v\u00e5r hemsida om du vill veta mer om vilka projekt vi arbetat med tidigare.<br \/>\n<\/span><br \/>\n<span style=\"font-weight: 400;\">Tveka inte att h\u00f6ra av dig till oss om du \u00e4r intresserad av kamerabevakning i Stockholm, s\u00e5 ber\u00e4ttar vi mer och kan boka in en tid &#8211; du n\u00e5r oss enklast per telefon. V\u00e4lkommen till S\u00e4kerhetsm\u00e4klarna.<\/span><\/p>\n","protected":false},"excerpt":{"rendered":"<p>S\u00e4kerhetsm\u00e4klarna arbetar med kamerabevakning i Stockholm, och kan installera gedigna \u00f6vervakningssystem. Det \u00e4r ett effektivt s\u00e4tt att skydda en byggarbetsplats och f\u00f6rebygga inbrott och skadeg\u00f6relse, vilket kan medf\u00f6ra dyra kostnader.<\/p>\n<p><a class=\"read-more\" href=\"https:\/\/www.sakerhetsmaklarna.se\/?page_id=226\">L\u00e4s vidare \u00bb<\/a><\/p>\n","protected":false},"author":1,"featured_media":132,"parent":0,"menu_order":100,"comment_status":"closed","ping_status":"closed","template":"page-bmall.php","meta":[],"yoast_head":"<!-- This site is optimized with the Yoast SEO plugin v19.11 - https:\/\/yoast.com\/wordpress\/plugins\/seo\/ -->\n<title>Kamerabevakning i Stockholm - S\u00e4kerhetsm\u00e4klarna i Sverige AB<\/title>\n<meta name=\"description\" content=\"Kamerabevakning i Stockholm \u00e4r smidigt med hj\u00e4lp av S\u00e4kerhetsm\u00e4klarna. Kontakta oss f\u00f6r en bra s\u00e4kerhetsl\u00f6sning till din arbetsplats - V\u00e4lkommen!\" \/>\n<meta name=\"robots\" content=\"index, follow, max-snippet:-1, max-image-preview:large, max-video-preview:-1\" \/>\n<link rel=\"canonical\" href=\"https:\/\/www.sakerhetsmaklarna.se\/?page_id=226\" \/>\n<meta property=\"og:locale\" content=\"sv_SE\" \/>\n<meta property=\"og:type\" content=\"article\" \/>\n<meta property=\"og:title\" content=\"Kamerabevakning i Stockholm - S\u00e4kerhetsm\u00e4klarna i Sverige AB\" \/>\n<meta property=\"og:description\" content=\"Kamerabevakning i Stockholm \u00e4r smidigt med hj\u00e4lp av S\u00e4kerhetsm\u00e4klarna. Kontakta oss f\u00f6r en bra s\u00e4kerhetsl\u00f6sning till din arbetsplats - V\u00e4lkommen!\" \/>\n<meta property=\"og:url\" content=\"https:\/\/www.sakerhetsmaklarna.se\/?page_id=226\" \/>\n<meta property=\"og:site_name\" content=\"S\u00e4kerhetsm\u00e4klarna i Sverige AB\" \/>\n<meta property=\"article:modified_time\" content=\"2016-08-23T08:20:19+00:00\" \/>\n<meta property=\"og:image\" content=\"https:\/\/www.sakerhetsmaklarna.se\/wp-content\/uploads\/2016\/07\/317496_01-6.jpg\" \/>\n\t<meta property=\"og:image:width\" content=\"2835\" \/>\n\t<meta property=\"og:image:height\" content=\"1890\" \/>\n\t<meta property=\"og:image:type\" content=\"image\/jpeg\" \/>\n<meta name=\"twitter:card\" content=\"summary_large_image\" \/>\n<meta name=\"twitter:label1\" content=\"Ber\u00e4knad l\u00e4stid\" \/>\n\t<meta name=\"twitter:data1\" content=\"1 minut\" \/>\n<script type=\"application\/ld+json\" class=\"yoast-schema-graph\">{\"@context\":\"https:\/\/schema.org\",\"@graph\":[{\"@type\":\"WebPage\",\"@id\":\"https:\/\/www.sakerhetsmaklarna.se\/?page_id=226\",\"url\":\"https:\/\/www.sakerhetsmaklarna.se\/?page_id=226\",\"name\":\"Kamerabevakning i Stockholm - S\u00e4kerhetsm\u00e4klarna i Sverige AB\",\"isPartOf\":{\"@id\":\"https:\/\/www.sakerhetsmaklarna.se\/#website\"},\"datePublished\":\"2016-08-23T08:18:43+00:00\",\"dateModified\":\"2016-08-23T08:20:19+00:00\",\"description\":\"Kamerabevakning i Stockholm \u00e4r smidigt med hj\u00e4lp av S\u00e4kerhetsm\u00e4klarna. Kontakta oss f\u00f6r en bra s\u00e4kerhetsl\u00f6sning till din arbetsplats - V\u00e4lkommen!\",\"breadcrumb\":{\"@id\":\"https:\/\/www.sakerhetsmaklarna.se\/?page_id=226#breadcrumb\"},\"inLanguage\":\"sv-SE\",\"potentialAction\":[{\"@type\":\"ReadAction\",\"target\":[\"https:\/\/www.sakerhetsmaklarna.se\/?page_id=226\"]}]},{\"@type\":\"BreadcrumbList\",\"@id\":\"https:\/\/www.sakerhetsmaklarna.se\/?page_id=226#breadcrumb\",\"itemListElement\":[{\"@type\":\"ListItem\",\"position\":1,\"name\":\"Hem\",\"item\":\"https:\/\/www.sakerhetsmaklarna.se\/\"},{\"@type\":\"ListItem\",\"position\":2,\"name\":\"Kamerabevakning i Stockholm\"}]},{\"@type\":\"WebSite\",\"@id\":\"https:\/\/www.sakerhetsmaklarna.se\/#website\",\"url\":\"https:\/\/www.sakerhetsmaklarna.se\/\",\"name\":\"S\u00e4kerhetsm\u00e4klarna i Sverige AB\",\"description\":\"Bygglarm Stockholm\",\"potentialAction\":[{\"@type\":\"SearchAction\",\"target\":{\"@type\":\"EntryPoint\",\"urlTemplate\":\"https:\/\/www.sakerhetsmaklarna.se\/?s={search_term_string}\"},\"query-input\":\"required name=search_term_string\"}],\"inLanguage\":\"sv-SE\"}]}<\/script>\n<!-- \/ Yoast SEO plugin. -->","yoast_head_json":{"title":"Kamerabevakning i Stockholm - S\u00e4kerhetsm\u00e4klarna i Sverige AB","description":"Kamerabevakning i Stockholm \u00e4r smidigt med hj\u00e4lp av S\u00e4kerhetsm\u00e4klarna. Kontakta oss f\u00f6r en bra s\u00e4kerhetsl\u00f6sning till din arbetsplats - V\u00e4lkommen!","robots":{"index":"index","follow":"follow","max-snippet":"max-snippet:-1","max-image-preview":"max-image-preview:large","max-video-preview":"max-video-preview:-1"},"canonical":"https:\/\/www.sakerhetsmaklarna.se\/?page_id=226","og_locale":"sv_SE","og_type":"article","og_title":"Kamerabevakning i Stockholm - S\u00e4kerhetsm\u00e4klarna i Sverige AB","og_description":"Kamerabevakning i Stockholm \u00e4r smidigt med hj\u00e4lp av S\u00e4kerhetsm\u00e4klarna. Kontakta oss f\u00f6r en bra s\u00e4kerhetsl\u00f6sning till din arbetsplats - V\u00e4lkommen!","og_url":"https:\/\/www.sakerhetsmaklarna.se\/?page_id=226","og_site_name":"S\u00e4kerhetsm\u00e4klarna i Sverige AB","article_modified_time":"2016-08-23T08:20:19+00:00","og_image":[{"width":2835,"height":1890,"url":"https:\/\/www.sakerhetsmaklarna.se\/wp-content\/uploads\/2016\/07\/317496_01-6.jpg","type":"image\/jpeg"}],"twitter_card":"summary_large_image","twitter_misc":{"Ber\u00e4knad l\u00e4stid":"1 minut"},"schema":{"@context":"https:\/\/schema.org","@graph":[{"@type":"WebPage","@id":"https:\/\/www.sakerhetsmaklarna.se\/?page_id=226","url":"https:\/\/www.sakerhetsmaklarna.se\/?page_id=226","name":"Kamerabevakning i Stockholm - S\u00e4kerhetsm\u00e4klarna i Sverige AB","isPartOf":{"@id":"https:\/\/www.sakerhetsmaklarna.se\/#website"},"datePublished":"2016-08-23T08:18:43+00:00","dateModified":"2016-08-23T08:20:19+00:00","description":"Kamerabevakning i Stockholm \u00e4r smidigt med hj\u00e4lp av S\u00e4kerhetsm\u00e4klarna. Kontakta oss f\u00f6r en bra s\u00e4kerhetsl\u00f6sning till din arbetsplats - V\u00e4lkommen!","breadcrumb":{"@id":"https:\/\/www.sakerhetsmaklarna.se\/?page_id=226#breadcrumb"},"inLanguage":"sv-SE","potentialAction":[{"@type":"ReadAction","target":["https:\/\/www.sakerhetsmaklarna.se\/?page_id=226"]}]},{"@type":"BreadcrumbList","@id":"https:\/\/www.sakerhetsmaklarna.se\/?page_id=226#breadcrumb","itemListElement":[{"@type":"ListItem","position":1,"name":"Hem","item":"https:\/\/www.sakerhetsmaklarna.se\/"},{"@type":"ListItem","position":2,"name":"Kamerabevakning i Stockholm"}]},{"@type":"WebSite","@id":"https:\/\/www.sakerhetsmaklarna.se\/#website","url":"https:\/\/www.sakerhetsmaklarna.se\/","name":"S\u00e4kerhetsm\u00e4klarna i Sverige AB","description":"Bygglarm Stockholm","potentialAction":[{"@type":"SearchAction","target":{"@type":"EntryPoint","urlTemplate":"https:\/\/www.sakerhetsmaklarna.se\/?s={search_term_string}"},"query-input":"required name=search_term_string"}],"inLanguage":"sv-SE"}]}},"_links":{"self":[{"href":"https:\/\/www.sakerhetsmaklarna.se\/index.php?rest_route=\/wp\/v2\/pages\/226"}],"collection":[{"href":"https:\/\/www.sakerhetsmaklarna.se\/index.php?rest_route=\/wp\/v2\/pages"}],"about":[{"href":"https:\/\/www.sakerhetsmaklarna.se\/index.php?rest_route=\/wp\/v2\/types\/page"}],"author":[{"embeddable":true,"href":"https:\/\/www.sakerhetsmaklarna.se\/index.php?rest_route=\/wp\/v2\/users\/1"}],"replies":[{"embeddable":true,"href":"https:\/\/www.sakerhetsmaklarna.se\/index.php?rest_route=%2Fwp%2Fv2%2Fcomments&post=226"}],"version-history":[{"count":3,"href":"https:\/\/www.sakerhetsmaklarna.se\/index.php?rest_route=\/wp\/v2\/pages\/226\/revisions"}],"predecessor-version":[{"id":229,"href":"https:\/\/www.sakerhetsmaklarna.se\/index.php?rest_route=\/wp\/v2\/pages\/226\/revisions\/229"}],"wp:featuredmedia":[{"embeddable":true,"href":"https:\/\/www.sakerhetsmaklarna.se\/index.php?rest_route=\/wp\/v2\/media\/132"}],"wp:attachment":[{"href":"https:\/\/www.sakerhetsmaklarna.se\/index.php?rest_route=%2Fwp%2Fv2%2Fmedia&parent=226"}],"curies":[{"name":"wp","href":"https:\/\/api.w.org\/{rel}","templated":true}]}}