{"id":222,"date":"2016-08-23T10:14:38","date_gmt":"2016-08-23T08:14:38","guid":{"rendered":"http:\/\/www.sakerhetsmaklarna.se\/?page_id=222"},"modified":"2016-08-23T10:15:09","modified_gmt":"2016-08-23T08:15:09","slug":"inbrottslarm-byggarbetsplats","status":"publish","type":"page","link":"https:\/\/www.sakerhetsmaklarna.se\/?page_id=222","title":{"rendered":"Inbrottslarm byggarbetsplats"},"content":{"rendered":"<p><strong>Du har antagligen s\u00f6kt p\u00e5 \u201cinbrottslarm byggarbetsplats\u201d och d\u00e5 har du kommit helt r\u00e4tt &#8211; V\u00e4lkommen till S\u00e4kerhetsm\u00e4klarna. <\/strong><strong>Vi arbetar med att hyra ut och installera inbrottslarm p\u00e5 byggarbetsplatser d\u00e4r s\u00e5v\u00e4l byggst\u00e4llning som byggarbetsplats utrustas med gedigna och p\u00e5litliga larm. <\/strong><\/p>\n<p><span style=\"font-weight: 400;\">Alla v\u00e5ra larm \u00e4r mycket flexibla och kan enkelt \u00e4ndras i takt med byggarbetet f\u00f6r att hela tiden leverera maximal s\u00e4kerhet. <\/span><\/p>\n<p><span style=\"font-weight: 400;\">Detta i kombination med en h\u00f6g drifts\u00e4kerhet h\u00e5lls kostnaderna nere, vilket g\u00f6r alarmet till en bra investering \u00e4ven ur ett ekonomiskt perspektiv.<\/span><\/p>\n<h2><b>L\u00f6nsamt med inbrottslarm p\u00e5 byggarbetsplatsen<\/b><\/h2>\n<p><span style=\"font-weight: 400;\">Inbrott \u00e4r vanligt f\u00f6rekommande p\u00e5 just byggarbetsplatser eftersom det finns mycket som kan locka till st\u00f6ld, s\u00e5som maskiner, verktyg och utrustning. D\u00e4rf\u00f6r \u00e4r det l\u00f6nsamt att investera i ett bra inbrottslarm p\u00e5 er byggarbetsplats eftersom f\u00f6rlusten av material, reparation av skador och en f\u00f6rdr\u00f6jd arbetsprocess kan bli mycket kostsamt. <\/span><\/p>\n<p><span style=\"font-weight: 400;\">Att bara f\u00f6rlita sig p\u00e5 staket och l\u00e5s r\u00e4cker tyv\u00e4rr inte f\u00f6r att h\u00e5lla inbrottstjuvar borta. Vi har m\u00e5nga \u00e5rs erfarenhet av s\u00e4kerhetsl\u00f6sningar och med ett alarm kopplat till en larmcentral kan \u00e5tg\u00e4rder vidtas och v\u00e4ktare skickas till platsen om n\u00e5got skulle intr\u00e4ffa. Vi \u00e4r \u00e4ven duktiga p\u00e5 \u00f6vervakningssystem, en effektiv \u00e5tg\u00e4rd i syfte att f\u00f6rhindra inbrott.<\/span><\/p>\n<p><img decoding=\"async\" loading=\"lazy\" class=\"alignnone size-full wp-image-211\" src=\"http:\/\/www.sakerhetsmaklarna.se\/wp-content\/uploads\/2016\/08\/Alarm-byggarbetsplats.jpg\" alt=\"Inbrottslarm byggarbetsplats\" width=\"820\" height=\"300\" srcset=\"https:\/\/www.sakerhetsmaklarna.se\/wp-content\/uploads\/2016\/08\/Alarm-byggarbetsplats.jpg 820w, https:\/\/www.sakerhetsmaklarna.se\/wp-content\/uploads\/2016\/08\/Alarm-byggarbetsplats-300x110.jpg 300w, https:\/\/www.sakerhetsmaklarna.se\/wp-content\/uploads\/2016\/08\/Alarm-byggarbetsplats-768x281.jpg 768w\" sizes=\"(max-width: 820px) 100vw, 820px\" \/><\/p>\n<p><span style=\"font-weight: 400;\">N\u00e4r du anlitar oss f\u00f6r ett inbrottslarm ger vi dig en bekv\u00e4m helhetsl\u00f6sning d\u00e4r vi ordnar med allt fr\u00e5n installation, montering och uppkoppling till larmcentral, f\u00f6r att sedan montera ner larmet n\u00e4r det inte l\u00e4ngre beh\u00f6vs. Tack vare att vi arbetar med tr\u00e5dl\u00f6sa uppkopplingar g\u00e5r monteringen snabbt och ofta kan vi f\u00e5 upp inbrottslarmet redan samma dag som best\u00e4llningen. <\/span><\/p>\n<p><span style=\"font-weight: 400;\">Vi har m\u00e5nga \u00e5rs erfarenhet av s\u00e4kerhetsbranschen och har jobbat med m\u00e5nga kunder inom bland annat bygg, industri och fastighet genom \u00e5ren. H\u00e4r p\u00e5 v\u00e5r hemsida har vi samlat n\u00e5gra referenser kring arbeten vi jobbat med tidigare &#8211; ta g\u00e4rna en titt f\u00f6r en bra uppfattning om vad vi kan \u00e5stadkomma.<\/span><\/p>\n<p><span style=\"font-weight: 400;\">Ut\u00f6ver detektorer f\u00f6r inbrottslarm erbjuder vi \u00e4ven brandlarm och olika typer av driftlarm med givare f\u00f6r till exempel str\u00f6mavbrott och vattenniv\u00e5er, f\u00f6r att p\u00e5 s\u00e5 vis undvika utkylda byggbodar, s\u00f6nderfrusna vattenledningar och \u00f6versv\u00e4mningar. <\/span><\/p>\n<h2><b>Kontakta oss f\u00f6r ett inbrottslarm<\/b><\/h2>\n<p><span style=\"font-weight: 400;\">Med v\u00e5rt flexibla uppl\u00e4gg f\u00e5r du tillg\u00e5ng till inbrottslarmet f\u00f6r s\u00e5 l\u00e5ng tid ni beh\u00f6ver, och vi anpassar alltid varje s\u00e4kerhetsl\u00f6sning efter varje individuell byggarbetsplats. Tveka inte att h\u00f6ra av dig till oss om du vill veta mer om hur vi arbetar eller vad vi kan g\u00f6ra f\u00f6r dig. <\/span><\/p>\n<p><span style=\"font-weight: 400;\">Ring oss, s\u00e5 hj\u00e4lper vi dig med ett inbrottslarm till er byggarbetsplats. <\/span><\/p>\n","protected":false},"excerpt":{"rendered":"<p>Du har antagligen s\u00f6kt p\u00e5 \u201cinbrottslarm byggarbetsplats\u201d och d\u00e5 har du kommit helt r\u00e4tt &#8211; V\u00e4lkommen till S\u00e4kerhetsm\u00e4klarna. Vi arbetar med att hyra ut och installera inbrottslarm p\u00e5 byggarbetsplatser d\u00e4r<\/p>\n<p><a class=\"read-more\" href=\"https:\/\/www.sakerhetsmaklarna.se\/?page_id=222\">L\u00e4s vidare \u00bb<\/a><\/p>\n","protected":false},"author":1,"featured_media":146,"parent":0,"menu_order":100,"comment_status":"closed","ping_status":"closed","template":"page-bmall.php","meta":[],"yoast_head":"<!-- This site is optimized with the Yoast SEO plugin v19.11 - https:\/\/yoast.com\/wordpress\/plugins\/seo\/ -->\n<title>Inbrottslarm Byggarbetsplats - Kontakta S\u00e4kerhetsm\u00e4klarna i Sverige AB<\/title>\n<meta name=\"description\" content=\"Inbrottslarm byggarbetsplats, Vi har l\u00e5ng erfarenhet &amp; arbetar snabbt &amp; effektivt. Vi kan ha larmet i drift samma dag som din best\u00e4llning. V\u00e4lkommen!\" \/>\n<meta name=\"robots\" content=\"index, follow, max-snippet:-1, max-image-preview:large, max-video-preview:-1\" \/>\n<link rel=\"canonical\" href=\"https:\/\/www.sakerhetsmaklarna.se\/?page_id=222\" \/>\n<meta property=\"og:locale\" content=\"sv_SE\" \/>\n<meta property=\"og:type\" content=\"article\" \/>\n<meta property=\"og:title\" content=\"Inbrottslarm Byggarbetsplats - Kontakta S\u00e4kerhetsm\u00e4klarna i Sverige AB\" \/>\n<meta property=\"og:description\" content=\"Inbrottslarm byggarbetsplats, Vi har l\u00e5ng erfarenhet &amp; arbetar snabbt &amp; effektivt. Vi kan ha larmet i drift samma dag som din best\u00e4llning. V\u00e4lkommen!\" \/>\n<meta property=\"og:url\" content=\"https:\/\/www.sakerhetsmaklarna.se\/?page_id=222\" \/>\n<meta property=\"og:site_name\" content=\"S\u00e4kerhetsm\u00e4klarna i Sverige AB\" \/>\n<meta property=\"article:modified_time\" content=\"2016-08-23T08:15:09+00:00\" \/>\n<meta property=\"og:image\" content=\"https:\/\/www.sakerhetsmaklarna.se\/wp-content\/uploads\/2016\/07\/4.jpg\" \/>\n\t<meta property=\"og:image:width\" content=\"2000\" \/>\n\t<meta property=\"og:image:height\" content=\"300\" \/>\n\t<meta property=\"og:image:type\" content=\"image\/jpeg\" \/>\n<meta name=\"twitter:card\" content=\"summary_large_image\" \/>\n<meta name=\"twitter:label1\" content=\"Ber\u00e4knad l\u00e4stid\" \/>\n\t<meta name=\"twitter:data1\" content=\"2 minuter\" \/>\n<script type=\"application\/ld+json\" class=\"yoast-schema-graph\">{\"@context\":\"https:\/\/schema.org\",\"@graph\":[{\"@type\":\"WebPage\",\"@id\":\"https:\/\/www.sakerhetsmaklarna.se\/?page_id=222\",\"url\":\"https:\/\/www.sakerhetsmaklarna.se\/?page_id=222\",\"name\":\"Inbrottslarm Byggarbetsplats - Kontakta S\u00e4kerhetsm\u00e4klarna i Sverige AB\",\"isPartOf\":{\"@id\":\"https:\/\/www.sakerhetsmaklarna.se\/#website\"},\"datePublished\":\"2016-08-23T08:14:38+00:00\",\"dateModified\":\"2016-08-23T08:15:09+00:00\",\"description\":\"Inbrottslarm byggarbetsplats, Vi har l\u00e5ng erfarenhet & arbetar snabbt & effektivt. Vi kan ha larmet i drift samma dag som din best\u00e4llning. V\u00e4lkommen!\",\"breadcrumb\":{\"@id\":\"https:\/\/www.sakerhetsmaklarna.se\/?page_id=222#breadcrumb\"},\"inLanguage\":\"sv-SE\",\"potentialAction\":[{\"@type\":\"ReadAction\",\"target\":[\"https:\/\/www.sakerhetsmaklarna.se\/?page_id=222\"]}]},{\"@type\":\"BreadcrumbList\",\"@id\":\"https:\/\/www.sakerhetsmaklarna.se\/?page_id=222#breadcrumb\",\"itemListElement\":[{\"@type\":\"ListItem\",\"position\":1,\"name\":\"Hem\",\"item\":\"https:\/\/www.sakerhetsmaklarna.se\/\"},{\"@type\":\"ListItem\",\"position\":2,\"name\":\"Inbrottslarm byggarbetsplats\"}]},{\"@type\":\"WebSite\",\"@id\":\"https:\/\/www.sakerhetsmaklarna.se\/#website\",\"url\":\"https:\/\/www.sakerhetsmaklarna.se\/\",\"name\":\"S\u00e4kerhetsm\u00e4klarna i Sverige AB\",\"description\":\"Bygglarm Stockholm\",\"potentialAction\":[{\"@type\":\"SearchAction\",\"target\":{\"@type\":\"EntryPoint\",\"urlTemplate\":\"https:\/\/www.sakerhetsmaklarna.se\/?s={search_term_string}\"},\"query-input\":\"required name=search_term_string\"}],\"inLanguage\":\"sv-SE\"}]}<\/script>\n<!-- \/ Yoast SEO plugin. -->","yoast_head_json":{"title":"Inbrottslarm Byggarbetsplats - Kontakta S\u00e4kerhetsm\u00e4klarna i Sverige AB","description":"Inbrottslarm byggarbetsplats, Vi har l\u00e5ng erfarenhet & arbetar snabbt & effektivt. Vi kan ha larmet i drift samma dag som din best\u00e4llning. V\u00e4lkommen!","robots":{"index":"index","follow":"follow","max-snippet":"max-snippet:-1","max-image-preview":"max-image-preview:large","max-video-preview":"max-video-preview:-1"},"canonical":"https:\/\/www.sakerhetsmaklarna.se\/?page_id=222","og_locale":"sv_SE","og_type":"article","og_title":"Inbrottslarm Byggarbetsplats - Kontakta S\u00e4kerhetsm\u00e4klarna i Sverige AB","og_description":"Inbrottslarm byggarbetsplats, Vi har l\u00e5ng erfarenhet & arbetar snabbt & effektivt. Vi kan ha larmet i drift samma dag som din best\u00e4llning. V\u00e4lkommen!","og_url":"https:\/\/www.sakerhetsmaklarna.se\/?page_id=222","og_site_name":"S\u00e4kerhetsm\u00e4klarna i Sverige AB","article_modified_time":"2016-08-23T08:15:09+00:00","og_image":[{"width":2000,"height":300,"url":"https:\/\/www.sakerhetsmaklarna.se\/wp-content\/uploads\/2016\/07\/4.jpg","type":"image\/jpeg"}],"twitter_card":"summary_large_image","twitter_misc":{"Ber\u00e4knad l\u00e4stid":"2 minuter"},"schema":{"@context":"https:\/\/schema.org","@graph":[{"@type":"WebPage","@id":"https:\/\/www.sakerhetsmaklarna.se\/?page_id=222","url":"https:\/\/www.sakerhetsmaklarna.se\/?page_id=222","name":"Inbrottslarm Byggarbetsplats - Kontakta S\u00e4kerhetsm\u00e4klarna i Sverige AB","isPartOf":{"@id":"https:\/\/www.sakerhetsmaklarna.se\/#website"},"datePublished":"2016-08-23T08:14:38+00:00","dateModified":"2016-08-23T08:15:09+00:00","description":"Inbrottslarm byggarbetsplats, Vi har l\u00e5ng erfarenhet & arbetar snabbt & effektivt. Vi kan ha larmet i drift samma dag som din best\u00e4llning. V\u00e4lkommen!","breadcrumb":{"@id":"https:\/\/www.sakerhetsmaklarna.se\/?page_id=222#breadcrumb"},"inLanguage":"sv-SE","potentialAction":[{"@type":"ReadAction","target":["https:\/\/www.sakerhetsmaklarna.se\/?page_id=222"]}]},{"@type":"BreadcrumbList","@id":"https:\/\/www.sakerhetsmaklarna.se\/?page_id=222#breadcrumb","itemListElement":[{"@type":"ListItem","position":1,"name":"Hem","item":"https:\/\/www.sakerhetsmaklarna.se\/"},{"@type":"ListItem","position":2,"name":"Inbrottslarm byggarbetsplats"}]},{"@type":"WebSite","@id":"https:\/\/www.sakerhetsmaklarna.se\/#website","url":"https:\/\/www.sakerhetsmaklarna.se\/","name":"S\u00e4kerhetsm\u00e4klarna i Sverige AB","description":"Bygglarm Stockholm","potentialAction":[{"@type":"SearchAction","target":{"@type":"EntryPoint","urlTemplate":"https:\/\/www.sakerhetsmaklarna.se\/?s={search_term_string}"},"query-input":"required name=search_term_string"}],"inLanguage":"sv-SE"}]}},"_links":{"self":[{"href":"https:\/\/www.sakerhetsmaklarna.se\/index.php?rest_route=\/wp\/v2\/pages\/222"}],"collection":[{"href":"https:\/\/www.sakerhetsmaklarna.se\/index.php?rest_route=\/wp\/v2\/pages"}],"about":[{"href":"https:\/\/www.sakerhetsmaklarna.se\/index.php?rest_route=\/wp\/v2\/types\/page"}],"author":[{"embeddable":true,"href":"https:\/\/www.sakerhetsmaklarna.se\/index.php?rest_route=\/wp\/v2\/users\/1"}],"replies":[{"embeddable":true,"href":"https:\/\/www.sakerhetsmaklarna.se\/index.php?rest_route=%2Fwp%2Fv2%2Fcomments&post=222"}],"version-history":[{"count":3,"href":"https:\/\/www.sakerhetsmaklarna.se\/index.php?rest_route=\/wp\/v2\/pages\/222\/revisions"}],"predecessor-version":[{"id":225,"href":"https:\/\/www.sakerhetsmaklarna.se\/index.php?rest_route=\/wp\/v2\/pages\/222\/revisions\/225"}],"wp:featuredmedia":[{"embeddable":true,"href":"https:\/\/www.sakerhetsmaklarna.se\/index.php?rest_route=\/wp\/v2\/media\/146"}],"wp:attachment":[{"href":"https:\/\/www.sakerhetsmaklarna.se\/index.php?rest_route=%2Fwp%2Fv2%2Fmedia&parent=222"}],"curies":[{"name":"wp","href":"https:\/\/api.w.org\/{rel}","templated":true}]}}