{"id":218,"date":"2016-08-23T10:09:14","date_gmt":"2016-08-23T08:09:14","guid":{"rendered":"http:\/\/www.sakerhetsmaklarna.se\/?page_id=218"},"modified":"2016-08-23T10:11:30","modified_gmt":"2016-08-23T08:11:30","slug":"hyrlarm","status":"publish","type":"page","link":"https:\/\/www.sakerhetsmaklarna.se\/?page_id=218","title":{"rendered":"Hyrlarm"},"content":{"rendered":"<p><strong>V\u00e4lkommen till oss p\u00e5 S\u00e4kerhetsm\u00e4klarna n\u00e4r du beh\u00f6ver ett hyrlarm. Vi arbetar med att installera och hyra ut olika larm f\u00f6r byggf\u00f6retag d\u00e4r ett larm kan beh\u00f6vas tillf\u00e4lligtvis under en period. <\/strong><\/p>\n<p><span style=\"font-weight: 400;\">En byggarbetsplats har mycket som kan locka till st\u00f6ld och inbrott, s\u00e5som maskiner, verktyg och utrustning men \u00e4ven ett brandlarm kan beh\u00f6vas vid riskabla aktiviteter under bygget. <\/span><\/p>\n<p><span style=\"font-weight: 400;\">Vi erbjuder alltid en bekv\u00e4m l\u00f6sning d\u00e4r vi installerar, monterar och kopplar upp larmet mot larmcentralen, f\u00f6r att sedan nedmontera det igen n\u00e4r larmet inte l\u00e4ngre beh\u00f6vs. <\/span><\/p>\n<p><span style=\"font-weight: 400;\">Larmen \u00e4r flexibla och kan enkelt \u00e4ndras under byggnationens g\u00e5ng f\u00f6r att hela tiden leverera maximal s\u00e4kerhet.<\/span><\/p>\n<h2><b>Hyrlarm snabbt och enkelt<\/b><\/h2>\n<p><span style=\"font-weight: 400;\">En av f\u00f6rdelarna med att anlita oss f\u00f6r ett hyrlarm \u00e4r att vi alltid arbetar snabbt. Ofta kan vi f\u00e5 upp larmet samma dag som best\u00e4llningen, tack vare att vi i huvudsak arbetar med tr\u00e5dl\u00f6sa detektorer.<\/span><\/p>\n<p><img decoding=\"async\" loading=\"lazy\" class=\"alignnone size-full wp-image-211\" src=\"http:\/\/www.sakerhetsmaklarna.se\/wp-content\/uploads\/2016\/08\/Alarm-byggarbetsplats.jpg\" alt=\"Hyrlarm\" width=\"820\" height=\"300\" srcset=\"https:\/\/www.sakerhetsmaklarna.se\/wp-content\/uploads\/2016\/08\/Alarm-byggarbetsplats.jpg 820w, https:\/\/www.sakerhetsmaklarna.se\/wp-content\/uploads\/2016\/08\/Alarm-byggarbetsplats-300x110.jpg 300w, https:\/\/www.sakerhetsmaklarna.se\/wp-content\/uploads\/2016\/08\/Alarm-byggarbetsplats-768x281.jpg 768w\" sizes=\"(max-width: 820px) 100vw, 820px\" \/><\/p>\n<p><span style=\"font-weight: 400;\">Vi har m\u00e5nga \u00e5rs erfarenhet av s\u00e4kerhetsbranschen och har arbetat med flera olika f\u00f6retag inom industri, bygg och fastighetsbranschen. <\/span><\/p>\n<p><span style=\"font-weight: 400;\">Givetvis kan vi larma hela byggarbetsplatsen och sj\u00e4lva byggst\u00e4llningen.<\/span><\/p>\n<h2><b>Kontakta oss f\u00f6r ett hyrlarm<\/b><\/h2>\n<p><span style=\"font-weight: 400;\">Om du \u00e4r intresserad av ett hyrlarm fr\u00e5n oss p\u00e5 S\u00e4kerhetsm\u00e4klarna \u00e4r du varmt v\u00e4lkommen att ringa oss, s\u00e5 hj\u00e4lper vi dig. <\/span><\/p>\n","protected":false},"excerpt":{"rendered":"<p>V\u00e4lkommen till oss p\u00e5 S\u00e4kerhetsm\u00e4klarna n\u00e4r du beh\u00f6ver ett hyrlarm. Vi arbetar med att installera och hyra ut olika larm f\u00f6r byggf\u00f6retag d\u00e4r ett larm kan beh\u00f6vas tillf\u00e4lligtvis under en<\/p>\n<p><a class=\"read-more\" href=\"https:\/\/www.sakerhetsmaklarna.se\/?page_id=218\">L\u00e4s vidare \u00bb<\/a><\/p>\n","protected":false},"author":1,"featured_media":146,"parent":0,"menu_order":100,"comment_status":"closed","ping_status":"closed","template":"page-bmall.php","meta":[],"yoast_head":"<!-- This site is optimized with the Yoast SEO plugin v19.11 - https:\/\/yoast.com\/wordpress\/plugins\/seo\/ -->\n<title>Hyrlarm - Kontakta oss p\u00e5 S\u00e4kerhetsm\u00e4klarna i Sverige AB<\/title>\n<meta name=\"description\" content=\"S\u00e4kerhetsm\u00e4klarna erbjuder hyrlarm - utm\u00e4rkt l\u00f6sning n\u00e4r du har ett tillf\u00e4lligt behov av ett larm. Kontakta oss s\u00e5 ber\u00e4ttar vi mer om hur vi kan hj\u00e4lpa er!\" \/>\n<meta name=\"robots\" content=\"index, follow, max-snippet:-1, max-image-preview:large, max-video-preview:-1\" \/>\n<link rel=\"canonical\" href=\"https:\/\/www.sakerhetsmaklarna.se\/?page_id=218\" \/>\n<meta property=\"og:locale\" content=\"sv_SE\" \/>\n<meta property=\"og:type\" content=\"article\" \/>\n<meta property=\"og:title\" content=\"Hyrlarm - Kontakta oss p\u00e5 S\u00e4kerhetsm\u00e4klarna i Sverige AB\" \/>\n<meta property=\"og:description\" content=\"S\u00e4kerhetsm\u00e4klarna erbjuder hyrlarm - utm\u00e4rkt l\u00f6sning n\u00e4r du har ett tillf\u00e4lligt behov av ett larm. Kontakta oss s\u00e5 ber\u00e4ttar vi mer om hur vi kan hj\u00e4lpa er!\" \/>\n<meta property=\"og:url\" content=\"https:\/\/www.sakerhetsmaklarna.se\/?page_id=218\" \/>\n<meta property=\"og:site_name\" content=\"S\u00e4kerhetsm\u00e4klarna i Sverige AB\" \/>\n<meta property=\"article:modified_time\" content=\"2016-08-23T08:11:30+00:00\" \/>\n<meta property=\"og:image\" content=\"https:\/\/www.sakerhetsmaklarna.se\/wp-content\/uploads\/2016\/07\/4.jpg\" \/>\n\t<meta property=\"og:image:width\" content=\"2000\" \/>\n\t<meta property=\"og:image:height\" content=\"300\" \/>\n\t<meta property=\"og:image:type\" content=\"image\/jpeg\" \/>\n<meta name=\"twitter:card\" content=\"summary_large_image\" \/>\n<meta name=\"twitter:label1\" content=\"Ber\u00e4knad l\u00e4stid\" \/>\n\t<meta name=\"twitter:data1\" content=\"1 minut\" \/>\n<script type=\"application\/ld+json\" class=\"yoast-schema-graph\">{\"@context\":\"https:\/\/schema.org\",\"@graph\":[{\"@type\":\"WebPage\",\"@id\":\"https:\/\/www.sakerhetsmaklarna.se\/?page_id=218\",\"url\":\"https:\/\/www.sakerhetsmaklarna.se\/?page_id=218\",\"name\":\"Hyrlarm - Kontakta oss p\u00e5 S\u00e4kerhetsm\u00e4klarna i Sverige AB\",\"isPartOf\":{\"@id\":\"https:\/\/www.sakerhetsmaklarna.se\/#website\"},\"datePublished\":\"2016-08-23T08:09:14+00:00\",\"dateModified\":\"2016-08-23T08:11:30+00:00\",\"description\":\"S\u00e4kerhetsm\u00e4klarna erbjuder hyrlarm - utm\u00e4rkt l\u00f6sning n\u00e4r du har ett tillf\u00e4lligt behov av ett larm. Kontakta oss s\u00e5 ber\u00e4ttar vi mer om hur vi kan hj\u00e4lpa er!\",\"breadcrumb\":{\"@id\":\"https:\/\/www.sakerhetsmaklarna.se\/?page_id=218#breadcrumb\"},\"inLanguage\":\"sv-SE\",\"potentialAction\":[{\"@type\":\"ReadAction\",\"target\":[\"https:\/\/www.sakerhetsmaklarna.se\/?page_id=218\"]}]},{\"@type\":\"BreadcrumbList\",\"@id\":\"https:\/\/www.sakerhetsmaklarna.se\/?page_id=218#breadcrumb\",\"itemListElement\":[{\"@type\":\"ListItem\",\"position\":1,\"name\":\"Hem\",\"item\":\"https:\/\/www.sakerhetsmaklarna.se\/\"},{\"@type\":\"ListItem\",\"position\":2,\"name\":\"Hyrlarm\"}]},{\"@type\":\"WebSite\",\"@id\":\"https:\/\/www.sakerhetsmaklarna.se\/#website\",\"url\":\"https:\/\/www.sakerhetsmaklarna.se\/\",\"name\":\"S\u00e4kerhetsm\u00e4klarna i Sverige AB\",\"description\":\"Bygglarm Stockholm\",\"potentialAction\":[{\"@type\":\"SearchAction\",\"target\":{\"@type\":\"EntryPoint\",\"urlTemplate\":\"https:\/\/www.sakerhetsmaklarna.se\/?s={search_term_string}\"},\"query-input\":\"required name=search_term_string\"}],\"inLanguage\":\"sv-SE\"}]}<\/script>\n<!-- \/ Yoast SEO plugin. -->","yoast_head_json":{"title":"Hyrlarm - Kontakta oss p\u00e5 S\u00e4kerhetsm\u00e4klarna i Sverige AB","description":"S\u00e4kerhetsm\u00e4klarna erbjuder hyrlarm - utm\u00e4rkt l\u00f6sning n\u00e4r du har ett tillf\u00e4lligt behov av ett larm. Kontakta oss s\u00e5 ber\u00e4ttar vi mer om hur vi kan hj\u00e4lpa er!","robots":{"index":"index","follow":"follow","max-snippet":"max-snippet:-1","max-image-preview":"max-image-preview:large","max-video-preview":"max-video-preview:-1"},"canonical":"https:\/\/www.sakerhetsmaklarna.se\/?page_id=218","og_locale":"sv_SE","og_type":"article","og_title":"Hyrlarm - Kontakta oss p\u00e5 S\u00e4kerhetsm\u00e4klarna i Sverige AB","og_description":"S\u00e4kerhetsm\u00e4klarna erbjuder hyrlarm - utm\u00e4rkt l\u00f6sning n\u00e4r du har ett tillf\u00e4lligt behov av ett larm. Kontakta oss s\u00e5 ber\u00e4ttar vi mer om hur vi kan hj\u00e4lpa er!","og_url":"https:\/\/www.sakerhetsmaklarna.se\/?page_id=218","og_site_name":"S\u00e4kerhetsm\u00e4klarna i Sverige AB","article_modified_time":"2016-08-23T08:11:30+00:00","og_image":[{"width":2000,"height":300,"url":"https:\/\/www.sakerhetsmaklarna.se\/wp-content\/uploads\/2016\/07\/4.jpg","type":"image\/jpeg"}],"twitter_card":"summary_large_image","twitter_misc":{"Ber\u00e4knad l\u00e4stid":"1 minut"},"schema":{"@context":"https:\/\/schema.org","@graph":[{"@type":"WebPage","@id":"https:\/\/www.sakerhetsmaklarna.se\/?page_id=218","url":"https:\/\/www.sakerhetsmaklarna.se\/?page_id=218","name":"Hyrlarm - Kontakta oss p\u00e5 S\u00e4kerhetsm\u00e4klarna i Sverige AB","isPartOf":{"@id":"https:\/\/www.sakerhetsmaklarna.se\/#website"},"datePublished":"2016-08-23T08:09:14+00:00","dateModified":"2016-08-23T08:11:30+00:00","description":"S\u00e4kerhetsm\u00e4klarna erbjuder hyrlarm - utm\u00e4rkt l\u00f6sning n\u00e4r du har ett tillf\u00e4lligt behov av ett larm. Kontakta oss s\u00e5 ber\u00e4ttar vi mer om hur vi kan hj\u00e4lpa er!","breadcrumb":{"@id":"https:\/\/www.sakerhetsmaklarna.se\/?page_id=218#breadcrumb"},"inLanguage":"sv-SE","potentialAction":[{"@type":"ReadAction","target":["https:\/\/www.sakerhetsmaklarna.se\/?page_id=218"]}]},{"@type":"BreadcrumbList","@id":"https:\/\/www.sakerhetsmaklarna.se\/?page_id=218#breadcrumb","itemListElement":[{"@type":"ListItem","position":1,"name":"Hem","item":"https:\/\/www.sakerhetsmaklarna.se\/"},{"@type":"ListItem","position":2,"name":"Hyrlarm"}]},{"@type":"WebSite","@id":"https:\/\/www.sakerhetsmaklarna.se\/#website","url":"https:\/\/www.sakerhetsmaklarna.se\/","name":"S\u00e4kerhetsm\u00e4klarna i Sverige AB","description":"Bygglarm Stockholm","potentialAction":[{"@type":"SearchAction","target":{"@type":"EntryPoint","urlTemplate":"https:\/\/www.sakerhetsmaklarna.se\/?s={search_term_string}"},"query-input":"required name=search_term_string"}],"inLanguage":"sv-SE"}]}},"_links":{"self":[{"href":"https:\/\/www.sakerhetsmaklarna.se\/index.php?rest_route=\/wp\/v2\/pages\/218"}],"collection":[{"href":"https:\/\/www.sakerhetsmaklarna.se\/index.php?rest_route=\/wp\/v2\/pages"}],"about":[{"href":"https:\/\/www.sakerhetsmaklarna.se\/index.php?rest_route=\/wp\/v2\/types\/page"}],"author":[{"embeddable":true,"href":"https:\/\/www.sakerhetsmaklarna.se\/index.php?rest_route=\/wp\/v2\/users\/1"}],"replies":[{"embeddable":true,"href":"https:\/\/www.sakerhetsmaklarna.se\/index.php?rest_route=%2Fwp%2Fv2%2Fcomments&post=218"}],"version-history":[{"count":3,"href":"https:\/\/www.sakerhetsmaklarna.se\/index.php?rest_route=\/wp\/v2\/pages\/218\/revisions"}],"predecessor-version":[{"id":221,"href":"https:\/\/www.sakerhetsmaklarna.se\/index.php?rest_route=\/wp\/v2\/pages\/218\/revisions\/221"}],"wp:featuredmedia":[{"embeddable":true,"href":"https:\/\/www.sakerhetsmaklarna.se\/index.php?rest_route=\/wp\/v2\/media\/146"}],"wp:attachment":[{"href":"https:\/\/www.sakerhetsmaklarna.se\/index.php?rest_route=%2Fwp%2Fv2%2Fmedia&parent=218"}],"curies":[{"name":"wp","href":"https:\/\/api.w.org\/{rel}","templated":true}]}}