{"id":14,"date":"2016-06-30T10:36:20","date_gmt":"2016-06-30T08:36:20","guid":{"rendered":"http:\/\/www.sakerhetsmaklarna.se\/?page_id=14"},"modified":"2016-07-15T13:52:11","modified_gmt":"2016-07-15T11:52:11","slug":"om-oss","status":"publish","type":"page","link":"https:\/\/www.sakerhetsmaklarna.se\/?page_id=14","title":{"rendered":"Om oss"},"content":{"rendered":"<p>F\u00f6retaget startades 1999 av Kent Segersten och Kristofer Falkner, b\u00e5da med l\u00e5ng erfarenhet inom s\u00e4kerhetsbranchen.<\/p>\n<p>Verksamhetsid\u00e9n var fr\u00e5n b\u00f6rjan att m\u00e4kla s\u00e4kerhetspersonal och snabbt f\u00e5nga upp behov av bevakning och skydd med kort varsel. Samtidigt arbetade man p\u00e5 en id\u00e9 med mobila larm som ett komplement till bevakningspersonal.<\/p>\n<p>Idag \u00e4r k\u00e4rnverksamheten uthyrning av mobila larmsystem.<\/p>\n","protected":false},"excerpt":{"rendered":"<p>F\u00f6retaget startades 1999 av Kent Segersten och Kristofer Falkner, b\u00e5da med l\u00e5ng erfarenhet inom s\u00e4kerhetsbranchen. Verksamhetsid\u00e9n var fr\u00e5n b\u00f6rjan att m\u00e4kla s\u00e4kerhetspersonal och snabbt f\u00e5nga upp behov av bevakning och<\/p>\n<p><a class=\"read-more\" href=\"https:\/\/www.sakerhetsmaklarna.se\/?page_id=14\">L\u00e4s vidare \u00bb<\/a><\/p>\n","protected":false},"author":1,"featured_media":140,"parent":0,"menu_order":0,"comment_status":"closed","ping_status":"closed","template":"","meta":[],"yoast_head":"<!-- This site is optimized with the Yoast SEO plugin v19.11 - https:\/\/yoast.com\/wordpress\/plugins\/seo\/ -->\n<title>Om oss - S\u00e4kerhetsm\u00e4klarna i Sverige AB<\/title>\n<meta name=\"robots\" content=\"index, follow, max-snippet:-1, max-image-preview:large, max-video-preview:-1\" \/>\n<link rel=\"canonical\" href=\"https:\/\/www.sakerhetsmaklarna.se\/?page_id=14\" \/>\n<meta property=\"og:locale\" content=\"sv_SE\" \/>\n<meta property=\"og:type\" content=\"article\" \/>\n<meta property=\"og:title\" content=\"Om oss - S\u00e4kerhetsm\u00e4klarna i Sverige AB\" \/>\n<meta property=\"og:description\" content=\"F\u00f6retaget startades 1999 av Kent Segersten och Kristofer Falkner, b\u00e5da med l\u00e5ng erfarenhet inom s\u00e4kerhetsbranchen. Verksamhetsid\u00e9n var fr\u00e5n b\u00f6rjan att m\u00e4kla s\u00e4kerhetspersonal och snabbt f\u00e5nga upp behov av bevakning ochL\u00e4s vidare \u00bb\" \/>\n<meta property=\"og:url\" content=\"https:\/\/www.sakerhetsmaklarna.se\/?page_id=14\" \/>\n<meta property=\"og:site_name\" content=\"S\u00e4kerhetsm\u00e4klarna i Sverige AB\" \/>\n<meta property=\"article:modified_time\" content=\"2016-07-15T11:52:11+00:00\" \/>\n<meta property=\"og:image\" content=\"https:\/\/www.sakerhetsmaklarna.se\/wp-content\/uploads\/2016\/07\/2.jpg\" \/>\n\t<meta property=\"og:image:width\" content=\"2835\" \/>\n\t<meta property=\"og:image:height\" content=\"1188\" \/>\n\t<meta property=\"og:image:type\" content=\"image\/jpeg\" \/>\n<meta name=\"twitter:card\" content=\"summary_large_image\" \/>\n<script type=\"application\/ld+json\" class=\"yoast-schema-graph\">{\"@context\":\"https:\/\/schema.org\",\"@graph\":[{\"@type\":\"WebPage\",\"@id\":\"https:\/\/www.sakerhetsmaklarna.se\/?page_id=14\",\"url\":\"https:\/\/www.sakerhetsmaklarna.se\/?page_id=14\",\"name\":\"Om oss - S\u00e4kerhetsm\u00e4klarna i Sverige AB\",\"isPartOf\":{\"@id\":\"https:\/\/www.sakerhetsmaklarna.se\/#website\"},\"datePublished\":\"2016-06-30T08:36:20+00:00\",\"dateModified\":\"2016-07-15T11:52:11+00:00\",\"breadcrumb\":{\"@id\":\"https:\/\/www.sakerhetsmaklarna.se\/?page_id=14#breadcrumb\"},\"inLanguage\":\"sv-SE\",\"potentialAction\":[{\"@type\":\"ReadAction\",\"target\":[\"https:\/\/www.sakerhetsmaklarna.se\/?page_id=14\"]}]},{\"@type\":\"BreadcrumbList\",\"@id\":\"https:\/\/www.sakerhetsmaklarna.se\/?page_id=14#breadcrumb\",\"itemListElement\":[{\"@type\":\"ListItem\",\"position\":1,\"name\":\"Hem\",\"item\":\"https:\/\/www.sakerhetsmaklarna.se\/\"},{\"@type\":\"ListItem\",\"position\":2,\"name\":\"Om oss\"}]},{\"@type\":\"WebSite\",\"@id\":\"https:\/\/www.sakerhetsmaklarna.se\/#website\",\"url\":\"https:\/\/www.sakerhetsmaklarna.se\/\",\"name\":\"S\u00e4kerhetsm\u00e4klarna i Sverige AB\",\"description\":\"Bygglarm Stockholm\",\"potentialAction\":[{\"@type\":\"SearchAction\",\"target\":{\"@type\":\"EntryPoint\",\"urlTemplate\":\"https:\/\/www.sakerhetsmaklarna.se\/?s={search_term_string}\"},\"query-input\":\"required name=search_term_string\"}],\"inLanguage\":\"sv-SE\"}]}<\/script>\n<!-- \/ Yoast SEO plugin. -->","yoast_head_json":{"title":"Om oss - S\u00e4kerhetsm\u00e4klarna i Sverige AB","robots":{"index":"index","follow":"follow","max-snippet":"max-snippet:-1","max-image-preview":"max-image-preview:large","max-video-preview":"max-video-preview:-1"},"canonical":"https:\/\/www.sakerhetsmaklarna.se\/?page_id=14","og_locale":"sv_SE","og_type":"article","og_title":"Om oss - S\u00e4kerhetsm\u00e4klarna i Sverige AB","og_description":"F\u00f6retaget startades 1999 av Kent Segersten och Kristofer Falkner, b\u00e5da med l\u00e5ng erfarenhet inom s\u00e4kerhetsbranchen. Verksamhetsid\u00e9n var fr\u00e5n b\u00f6rjan att m\u00e4kla s\u00e4kerhetspersonal och snabbt f\u00e5nga upp behov av bevakning ochL\u00e4s vidare \u00bb","og_url":"https:\/\/www.sakerhetsmaklarna.se\/?page_id=14","og_site_name":"S\u00e4kerhetsm\u00e4klarna i Sverige AB","article_modified_time":"2016-07-15T11:52:11+00:00","og_image":[{"width":2835,"height":1188,"url":"https:\/\/www.sakerhetsmaklarna.se\/wp-content\/uploads\/2016\/07\/2.jpg","type":"image\/jpeg"}],"twitter_card":"summary_large_image","schema":{"@context":"https:\/\/schema.org","@graph":[{"@type":"WebPage","@id":"https:\/\/www.sakerhetsmaklarna.se\/?page_id=14","url":"https:\/\/www.sakerhetsmaklarna.se\/?page_id=14","name":"Om oss - S\u00e4kerhetsm\u00e4klarna i Sverige AB","isPartOf":{"@id":"https:\/\/www.sakerhetsmaklarna.se\/#website"},"datePublished":"2016-06-30T08:36:20+00:00","dateModified":"2016-07-15T11:52:11+00:00","breadcrumb":{"@id":"https:\/\/www.sakerhetsmaklarna.se\/?page_id=14#breadcrumb"},"inLanguage":"sv-SE","potentialAction":[{"@type":"ReadAction","target":["https:\/\/www.sakerhetsmaklarna.se\/?page_id=14"]}]},{"@type":"BreadcrumbList","@id":"https:\/\/www.sakerhetsmaklarna.se\/?page_id=14#breadcrumb","itemListElement":[{"@type":"ListItem","position":1,"name":"Hem","item":"https:\/\/www.sakerhetsmaklarna.se\/"},{"@type":"ListItem","position":2,"name":"Om oss"}]},{"@type":"WebSite","@id":"https:\/\/www.sakerhetsmaklarna.se\/#website","url":"https:\/\/www.sakerhetsmaklarna.se\/","name":"S\u00e4kerhetsm\u00e4klarna i Sverige AB","description":"Bygglarm Stockholm","potentialAction":[{"@type":"SearchAction","target":{"@type":"EntryPoint","urlTemplate":"https:\/\/www.sakerhetsmaklarna.se\/?s={search_term_string}"},"query-input":"required name=search_term_string"}],"inLanguage":"sv-SE"}]}},"_links":{"self":[{"href":"https:\/\/www.sakerhetsmaklarna.se\/index.php?rest_route=\/wp\/v2\/pages\/14"}],"collection":[{"href":"https:\/\/www.sakerhetsmaklarna.se\/index.php?rest_route=\/wp\/v2\/pages"}],"about":[{"href":"https:\/\/www.sakerhetsmaklarna.se\/index.php?rest_route=\/wp\/v2\/types\/page"}],"author":[{"embeddable":true,"href":"https:\/\/www.sakerhetsmaklarna.se\/index.php?rest_route=\/wp\/v2\/users\/1"}],"replies":[{"embeddable":true,"href":"https:\/\/www.sakerhetsmaklarna.se\/index.php?rest_route=%2Fwp%2Fv2%2Fcomments&post=14"}],"version-history":[{"count":3,"href":"https:\/\/www.sakerhetsmaklarna.se\/index.php?rest_route=\/wp\/v2\/pages\/14\/revisions"}],"predecessor-version":[{"id":52,"href":"https:\/\/www.sakerhetsmaklarna.se\/index.php?rest_route=\/wp\/v2\/pages\/14\/revisions\/52"}],"wp:featuredmedia":[{"embeddable":true,"href":"https:\/\/www.sakerhetsmaklarna.se\/index.php?rest_route=\/wp\/v2\/media\/140"}],"wp:attachment":[{"href":"https:\/\/www.sakerhetsmaklarna.se\/index.php?rest_route=%2Fwp%2Fv2%2Fmedia&parent=14"}],"curies":[{"name":"wp","href":"https:\/\/api.w.org\/{rel}","templated":true}]}}