{"id":10,"date":"2016-06-30T10:35:58","date_gmt":"2016-06-30T08:35:58","guid":{"rendered":"http:\/\/www.sakerhetsmaklarna.se\/?page_id=10"},"modified":"2016-09-22T15:03:42","modified_gmt":"2016-09-22T13:03:42","slug":"varalarmlosningar","status":"publish","type":"page","link":"https:\/\/www.sakerhetsmaklarna.se\/?page_id=10","title":{"rendered":"V\u00e5ra larml\u00f6sningar"},"content":{"rendered":"<p>V\u00e5ra kompakta larm levereras och installeras av oss.\u00a0Vi hyr ut larmanl\u00e4ggningar till f\u00f6retagskunder fr\u00e4mst inom byggsektorn samt kontor och handel.<\/p>\n<p><strong>Vi har larm som passar alla verksamheter och behov, t.ex<\/strong>:<\/p>\n<ul>\n<li>R\u00f6relsedetektorer med bildverifiering vid larm<\/li>\n<li>Detektorer f\u00f6r brandindikering<\/li>\n<li>Driftlarm t.ex. temperatur- och niv\u00e5vakter<\/li>\n<li>Kamera\u00f6vervakning f\u00f6r lokal lagring eller med \u00f6verf\u00f6ring till larmcentral<\/li>\n<li>Vi har l\u00f6sningar f\u00f6r att f\u00f6rhindra on\u00f6diga v\u00e4ktarutryckningar och h\u00e5ller kostnaderna nere<\/li>\n<\/ul>\n<p>&nbsp;<\/p>\n<p><img decoding=\"async\" loading=\"lazy\" class=\"wp-image-152\" src=\"http:\/\/www.sakerhetsmaklarna.se\/wp-content\/uploads\/2016\/06\/317496_01-24-300x200.jpg\" alt=\"p.holm@yahoo.com\" width=\"600\" height=\"400\" srcset=\"https:\/\/www.sakerhetsmaklarna.se\/wp-content\/uploads\/2016\/06\/317496_01-24-300x200.jpg 300w, https:\/\/www.sakerhetsmaklarna.se\/wp-content\/uploads\/2016\/06\/317496_01-24-768x512.jpg 768w, https:\/\/www.sakerhetsmaklarna.se\/wp-content\/uploads\/2016\/06\/317496_01-24-1024x683.jpg 1024w, https:\/\/www.sakerhetsmaklarna.se\/wp-content\/uploads\/2016\/06\/317496_01-24-2000x1333.jpg 2000w\" sizes=\"(max-width: 600px) 100vw, 600px\" \/><\/p>\n","protected":false},"excerpt":{"rendered":"<p>V\u00e5ra kompakta larm levereras och installeras av oss.\u00a0Vi hyr ut larmanl\u00e4ggningar till f\u00f6retagskunder fr\u00e4mst inom byggsektorn samt kontor och handel. Vi har larm som passar alla verksamheter och behov, t.ex:<\/p>\n<p><a class=\"read-more\" href=\"https:\/\/www.sakerhetsmaklarna.se\/?page_id=10\">L\u00e4s vidare \u00bb<\/a><\/p>\n","protected":false},"author":1,"featured_media":146,"parent":0,"menu_order":0,"comment_status":"closed","ping_status":"closed","template":"","meta":[],"yoast_head":"<!-- This site is optimized with the Yoast SEO plugin v19.11 - https:\/\/yoast.com\/wordpress\/plugins\/seo\/ -->\n<title>V\u00e5ra larml\u00f6sningar - S\u00e4kerhetsm\u00e4klarna i Sverige AB<\/title>\n<meta name=\"robots\" content=\"index, follow, max-snippet:-1, max-image-preview:large, max-video-preview:-1\" \/>\n<link rel=\"canonical\" href=\"https:\/\/www.sakerhetsmaklarna.se\/?page_id=10\" \/>\n<meta property=\"og:locale\" content=\"sv_SE\" \/>\n<meta property=\"og:type\" content=\"article\" \/>\n<meta property=\"og:title\" content=\"V\u00e5ra larml\u00f6sningar - S\u00e4kerhetsm\u00e4klarna i Sverige AB\" \/>\n<meta property=\"og:description\" content=\"V\u00e5ra kompakta larm levereras och installeras av oss.\u00a0Vi hyr ut larmanl\u00e4ggningar till f\u00f6retagskunder fr\u00e4mst inom byggsektorn samt kontor och handel. Vi har larm som passar alla verksamheter och behov, t.ex:L\u00e4s vidare \u00bb\" \/>\n<meta property=\"og:url\" content=\"https:\/\/www.sakerhetsmaklarna.se\/?page_id=10\" \/>\n<meta property=\"og:site_name\" content=\"S\u00e4kerhetsm\u00e4klarna i Sverige AB\" \/>\n<meta property=\"article:modified_time\" content=\"2016-09-22T13:03:42+00:00\" \/>\n<meta property=\"og:image\" content=\"https:\/\/www.sakerhetsmaklarna.se\/wp-content\/uploads\/2016\/07\/4.jpg\" \/>\n\t<meta property=\"og:image:width\" content=\"2000\" \/>\n\t<meta property=\"og:image:height\" content=\"300\" \/>\n\t<meta property=\"og:image:type\" content=\"image\/jpeg\" \/>\n<meta name=\"twitter:card\" content=\"summary_large_image\" \/>\n<script type=\"application\/ld+json\" class=\"yoast-schema-graph\">{\"@context\":\"https:\/\/schema.org\",\"@graph\":[{\"@type\":\"WebPage\",\"@id\":\"https:\/\/www.sakerhetsmaklarna.se\/?page_id=10\",\"url\":\"https:\/\/www.sakerhetsmaklarna.se\/?page_id=10\",\"name\":\"V\u00e5ra larml\u00f6sningar - S\u00e4kerhetsm\u00e4klarna i Sverige AB\",\"isPartOf\":{\"@id\":\"https:\/\/www.sakerhetsmaklarna.se\/#website\"},\"datePublished\":\"2016-06-30T08:35:58+00:00\",\"dateModified\":\"2016-09-22T13:03:42+00:00\",\"breadcrumb\":{\"@id\":\"https:\/\/www.sakerhetsmaklarna.se\/?page_id=10#breadcrumb\"},\"inLanguage\":\"sv-SE\",\"potentialAction\":[{\"@type\":\"ReadAction\",\"target\":[\"https:\/\/www.sakerhetsmaklarna.se\/?page_id=10\"]}]},{\"@type\":\"BreadcrumbList\",\"@id\":\"https:\/\/www.sakerhetsmaklarna.se\/?page_id=10#breadcrumb\",\"itemListElement\":[{\"@type\":\"ListItem\",\"position\":1,\"name\":\"Hem\",\"item\":\"https:\/\/www.sakerhetsmaklarna.se\/\"},{\"@type\":\"ListItem\",\"position\":2,\"name\":\"V\u00e5ra larml\u00f6sningar\"}]},{\"@type\":\"WebSite\",\"@id\":\"https:\/\/www.sakerhetsmaklarna.se\/#website\",\"url\":\"https:\/\/www.sakerhetsmaklarna.se\/\",\"name\":\"S\u00e4kerhetsm\u00e4klarna i Sverige AB\",\"description\":\"Bygglarm Stockholm\",\"potentialAction\":[{\"@type\":\"SearchAction\",\"target\":{\"@type\":\"EntryPoint\",\"urlTemplate\":\"https:\/\/www.sakerhetsmaklarna.se\/?s={search_term_string}\"},\"query-input\":\"required name=search_term_string\"}],\"inLanguage\":\"sv-SE\"}]}<\/script>\n<!-- \/ Yoast SEO plugin. -->","yoast_head_json":{"title":"V\u00e5ra larml\u00f6sningar - S\u00e4kerhetsm\u00e4klarna i Sverige AB","robots":{"index":"index","follow":"follow","max-snippet":"max-snippet:-1","max-image-preview":"max-image-preview:large","max-video-preview":"max-video-preview:-1"},"canonical":"https:\/\/www.sakerhetsmaklarna.se\/?page_id=10","og_locale":"sv_SE","og_type":"article","og_title":"V\u00e5ra larml\u00f6sningar - S\u00e4kerhetsm\u00e4klarna i Sverige AB","og_description":"V\u00e5ra kompakta larm levereras och installeras av oss.\u00a0Vi hyr ut larmanl\u00e4ggningar till f\u00f6retagskunder fr\u00e4mst inom byggsektorn samt kontor och handel. Vi har larm som passar alla verksamheter och behov, t.ex:L\u00e4s vidare \u00bb","og_url":"https:\/\/www.sakerhetsmaklarna.se\/?page_id=10","og_site_name":"S\u00e4kerhetsm\u00e4klarna i Sverige AB","article_modified_time":"2016-09-22T13:03:42+00:00","og_image":[{"width":2000,"height":300,"url":"https:\/\/www.sakerhetsmaklarna.se\/wp-content\/uploads\/2016\/07\/4.jpg","type":"image\/jpeg"}],"twitter_card":"summary_large_image","schema":{"@context":"https:\/\/schema.org","@graph":[{"@type":"WebPage","@id":"https:\/\/www.sakerhetsmaklarna.se\/?page_id=10","url":"https:\/\/www.sakerhetsmaklarna.se\/?page_id=10","name":"V\u00e5ra larml\u00f6sningar - S\u00e4kerhetsm\u00e4klarna i Sverige AB","isPartOf":{"@id":"https:\/\/www.sakerhetsmaklarna.se\/#website"},"datePublished":"2016-06-30T08:35:58+00:00","dateModified":"2016-09-22T13:03:42+00:00","breadcrumb":{"@id":"https:\/\/www.sakerhetsmaklarna.se\/?page_id=10#breadcrumb"},"inLanguage":"sv-SE","potentialAction":[{"@type":"ReadAction","target":["https:\/\/www.sakerhetsmaklarna.se\/?page_id=10"]}]},{"@type":"BreadcrumbList","@id":"https:\/\/www.sakerhetsmaklarna.se\/?page_id=10#breadcrumb","itemListElement":[{"@type":"ListItem","position":1,"name":"Hem","item":"https:\/\/www.sakerhetsmaklarna.se\/"},{"@type":"ListItem","position":2,"name":"V\u00e5ra larml\u00f6sningar"}]},{"@type":"WebSite","@id":"https:\/\/www.sakerhetsmaklarna.se\/#website","url":"https:\/\/www.sakerhetsmaklarna.se\/","name":"S\u00e4kerhetsm\u00e4klarna i Sverige AB","description":"Bygglarm Stockholm","potentialAction":[{"@type":"SearchAction","target":{"@type":"EntryPoint","urlTemplate":"https:\/\/www.sakerhetsmaklarna.se\/?s={search_term_string}"},"query-input":"required name=search_term_string"}],"inLanguage":"sv-SE"}]}},"_links":{"self":[{"href":"https:\/\/www.sakerhetsmaklarna.se\/index.php?rest_route=\/wp\/v2\/pages\/10"}],"collection":[{"href":"https:\/\/www.sakerhetsmaklarna.se\/index.php?rest_route=\/wp\/v2\/pages"}],"about":[{"href":"https:\/\/www.sakerhetsmaklarna.se\/index.php?rest_route=\/wp\/v2\/types\/page"}],"author":[{"embeddable":true,"href":"https:\/\/www.sakerhetsmaklarna.se\/index.php?rest_route=\/wp\/v2\/users\/1"}],"replies":[{"embeddable":true,"href":"https:\/\/www.sakerhetsmaklarna.se\/index.php?rest_route=%2Fwp%2Fv2%2Fcomments&post=10"}],"version-history":[{"count":18,"href":"https:\/\/www.sakerhetsmaklarna.se\/index.php?rest_route=\/wp\/v2\/pages\/10\/revisions"}],"predecessor-version":[{"id":268,"href":"https:\/\/www.sakerhetsmaklarna.se\/index.php?rest_route=\/wp\/v2\/pages\/10\/revisions\/268"}],"wp:featuredmedia":[{"embeddable":true,"href":"https:\/\/www.sakerhetsmaklarna.se\/index.php?rest_route=\/wp\/v2\/media\/146"}],"wp:attachment":[{"href":"https:\/\/www.sakerhetsmaklarna.se\/index.php?rest_route=%2Fwp%2Fv2%2Fmedia&parent=10"}],"curies":[{"name":"wp","href":"https:\/\/api.w.org\/{rel}","templated":true}]}}